{"id":548,"date":"2023-01-21T22:28:22","date_gmt":"2023-01-21T13:28:22","guid":{"rendered":"http:\/\/lohasplan.com\/?page_id=548"},"modified":"2023-01-25T09:56:45","modified_gmt":"2023-01-25T00:56:45","slug":"%e8%87%aa%e7%94%b1%e8%a8%ad%e8%a8%88-2","status":"publish","type":"page","link":"https:\/\/lohasplan.com\/?page_id=548","title":{"rendered":"\u81ea\u7531\u8a2d\u8a08"},"content":{"rendered":"\n<div class=\"wp-block-columns is-layout-flex wp-container-core-columns-is-layout-9d6595d7 wp-block-columns-is-layout-flex\">\n<div class=\"wp-block-column is-layout-flow wp-block-column-is-layout-flow\"><div class=\"wp-block-image\">\n<figure class=\"alignleft size-full\"><img loading=\"lazy\" decoding=\"async\" width=\"269\" height=\"68\" src=\"https:\/\/lohasplan.com\/wp-content\/uploads\/2023\/01\/\u90a8\uff75\u95be\uff6a\u9015\uff71-1.jpg\" alt=\"\" class=\"wp-image-432\"\/><\/figure>\n<\/div><\/div>\n\n\n\n<div class=\"wp-block-column is-layout-flow wp-block-column-is-layout-flow\"><div class=\"wp-block-image\">\n<figure class=\"alignright size-full is-resized\"><img loading=\"lazy\" decoding=\"async\" src=\"https:\/\/lohasplan.com\/wp-content\/uploads\/2022\/08\/image.png\" alt=\"\" class=\"wp-image-251\" width=\"216\" height=\"42\"\/><\/figure>\n<\/div><\/div>\n<\/div>\n\n\n\n<h1 class=\"has-text-align-center wp-block-heading\"><strong>\u3042\u3063\u305f\u3089\u3044\u3044\u306a!!<\/strong><\/h1>\n\n\n\n<div class=\"wp-block-columns is-layout-flex wp-container-core-columns-is-layout-9d6595d7 wp-block-columns-is-layout-flex\">\n<div class=\"wp-block-column is-layout-flow wp-block-column-is-layout-flow\">\n<div class=\"wp-block-group is-vertical is-layout-flex wp-container-core-group-is-layout-8cf370e7 wp-block-group-is-layout-flex\">\n<div class=\"wp-block-group is-nowrap is-layout-flex wp-container-core-group-is-layout-ad2f72ca wp-block-group-is-layout-flex\">\n<h3 class=\"has-text-align-left wp-block-heading\"><strong>\u30ab\u30fc\u30dd\u30fc\u30c8\u4e0a\u306e\u7a7a\u9593\u3092\u30d5\u30ea\u30fc\u30b9\u30da\u30fc\u30b9\u306b<\/strong><\/h3>\n\n\n\n<h3 class=\"has-text-align-left wp-block-heading\"><strong>\u6d3b\u7528\u65b9\u6cd5\u306f\u304a\u5ba2\u69d8\u306e\u30a2\u30a4\u30c7\u30a2\u6b21\u7b2c!!<\/strong><\/h3>\n<\/div>\n<\/div>\n<\/div>\n<\/div>\n\n\n\n<div class=\"wp-block-columns is-layout-flex wp-container-core-columns-is-layout-9d6595d7 wp-block-columns-is-layout-flex\">\n<div class=\"wp-block-column is-layout-flow wp-block-column-is-layout-flow\">\n<h2 class=\"has-text-align-center wp-block-heading\"><strong>CPS-730\uff08\u5ec9\u4fa1\u4ed5\u69d8\uff09<\/strong><\/h2>\n<\/div>\n\n\n\n<div class=\"wp-block-column is-layout-flow wp-block-column-is-layout-flow\">\n<h3 class=\"has-text-align-center wp-block-heading\">\uff1c\u3000<strong>\u8af8\u3000\u5143<\/strong>\u3000\uff1e<\/h3>\n<\/div>\n<\/div>\n\n\n\n<div class=\"wp-block-columns is-layout-flex wp-container-core-columns-is-layout-9d6595d7 wp-block-columns-is-layout-flex\">\n<div class=\"wp-block-column is-layout-flow wp-block-column-is-layout-flow\">\n<figure class=\"wp-block-image size-full\"><img loading=\"lazy\" decoding=\"async\" width=\"340\" height=\"253\" src=\"https:\/\/lohasplan.com\/wp-content\/uploads\/2022\/07\/CPH-279DD.jpg\" alt=\"\" class=\"wp-image-73\" srcset=\"https:\/\/lohasplan.com\/wp-content\/uploads\/2022\/07\/CPH-279DD.jpg 340w, https:\/\/lohasplan.com\/wp-content\/uploads\/2022\/07\/CPH-279DD-300x223.jpg 300w\" sizes=\"auto, (max-width: 340px) 100vw, 340px\" \/><\/figure>\n<\/div>\n\n\n\n<div class=\"wp-block-column is-layout-flow wp-block-column-is-layout-flow\">\n<p>\u3010\u672c\u4f53\u5bf8\u6cd5\u3011\u3000W4,035\u00d7L5,600\u00d7H3,660<br>\u3000\u3000\u3000\u3000\u3000\u3000\u3000\u9593\u53e3\uff1a2,700\u3000\u3000<br>\u3000\u3000\u3000\u3000\u3000\u3000\u3000\u6881\u4e0b\uff1a2,300\u3000<\/p>\n\n\n\n<p><\/p>\n<\/div>\n<\/div>\n\n\n\n<div class=\"wp-block-columns is-layout-flex wp-container-core-columns-is-layout-9d6595d7 wp-block-columns-is-layout-flex\">\n<div class=\"wp-block-column is-layout-flow wp-block-column-is-layout-flow\">\n<figure class=\"wp-block-image size-full\"><img loading=\"lazy\" decoding=\"async\" width=\"640\" height=\"192\" src=\"https:\/\/lohasplan.com\/wp-content\/uploads\/2022\/07\/w-CPH279DD.jpg\" alt=\"\" class=\"wp-image-133\" srcset=\"https:\/\/lohasplan.com\/wp-content\/uploads\/2022\/07\/w-CPH279DD.jpg 640w, https:\/\/lohasplan.com\/wp-content\/uploads\/2022\/07\/w-CPH279DD-300x90.jpg 300w\" sizes=\"auto, (max-width: 640px) 100vw, 640px\" \/><\/figure>\n<\/div>\n<\/div>\n\n\n\n<div class=\"wp-block-columns is-layout-flex wp-container-core-columns-is-layout-9d6595d7 wp-block-columns-is-layout-flex\">\n<div class=\"wp-block-column is-layout-flow wp-block-column-is-layout-flow\">\n<h2 class=\"has-text-align-center wp-block-heading\"><strong>CPH-730\uff08\u65e7\u6a19\u6e96\u4ed5\u69d8\uff09<\/strong><\/h2>\n<\/div>\n\n\n\n<div class=\"wp-block-column is-layout-flow wp-block-column-is-layout-flow\">\n<h3 class=\"has-text-align-center wp-block-heading\"><strong>\uff1c\u3000<strong>\u8af8\u3000\u5143<\/strong>\u3000\uff1e<\/strong><\/h3>\n<\/div>\n<\/div>\n\n\n\n<div class=\"wp-block-columns is-layout-flex wp-container-core-columns-is-layout-9d6595d7 wp-block-columns-is-layout-flex\">\n<div class=\"wp-block-column is-layout-flow wp-block-column-is-layout-flow\">\n<figure class=\"wp-block-image size-full\"><img loading=\"lazy\" decoding=\"async\" width=\"428\" height=\"323\" src=\"https:\/\/lohasplan.com\/wp-content\/uploads\/2022\/07\/08S-CPD279o.jpg\" alt=\"\" class=\"wp-image-28\" srcset=\"https:\/\/lohasplan.com\/wp-content\/uploads\/2022\/07\/08S-CPD279o.jpg 428w, https:\/\/lohasplan.com\/wp-content\/uploads\/2022\/07\/08S-CPD279o-300x226.jpg 300w\" sizes=\"auto, (max-width: 428px) 100vw, 428px\" \/><\/figure>\n<\/div>\n\n\n\n<div class=\"wp-block-column is-layout-flow wp-block-column-is-layout-flow\">\n<p>\u3010\u672c\u4f53\u5bf8\u6cd5\u3011\u3000W\u00d7L\u00d7H<br>\u3000\u3000\u3000\u3000\u3000\u3000\u3000\u9593\u53e3\uff1a\u3000\u3000<br>\u3000\u3000\u3000\u3000\u3000\u3000\u3000\u6881\u4e0b\uff1a2,300\u3000<\/p>\n\n\n\n<p>\u3010\u90e8\u6750\u5bf8\u6cd5\u3011\u3000\u3000\u67f1\uff1a\u22a1-125\u00d7125\u00d7t4.5<br>\u3000\u3000\u3000\u3000\u3000\u3000\u3000\u3000\u6881\uff1aH-150\u00d775\u00d75\u00d77<br>\u3000\u3000\u3000\u3000\u3000\u3000\u88dc\u5f37\u6881\uff1aH-150\u00d775\u00d75\u00d77<\/p>\n<\/div>\n<\/div>\n\n\n\n<div class=\"wp-block-columns is-layout-flex wp-container-core-columns-is-layout-9d6595d7 wp-block-columns-is-layout-flex\">\n<div class=\"wp-block-column is-layout-flow wp-block-column-is-layout-flow\">\n<p class=\"has-text-align-center\"><strong>\u56f3\u9762\u6e96\u5099\u4e2d<\/strong><\/p>\n<\/div>\n<\/div>\n\n\n\n<h3 class=\"has-text-align-left wp-block-heading\"><strong>\u4e09\u89d2\u5c4b\u6839\u304b\u3089\u306e\u5927\u91cf\u306e\u843d\u96ea\u3092<\/strong><strong>\u901a\u8def\u306b\u5c71\u7a4d\u307f\u3057\u306a\u3044\u69d8\u306b\u30b3\u30f3\u30c8\u30ed\u30fc\u30eb!!<\/strong><\/h3>\n\n\n\n<div class=\"wp-block-columns is-layout-flex wp-container-core-columns-is-layout-9d6595d7 wp-block-columns-is-layout-flex\">\n<div class=\"wp-block-column is-layout-flow wp-block-column-is-layout-flow\">\n<h2 class=\"has-text-align-center wp-block-heading\"><strong>CPH-259\uff08\u81ea\u7531\u8a2d\u8a08\uff09<\/strong><\/h2>\n<\/div>\n\n\n\n<div class=\"wp-block-column is-layout-flow wp-block-column-is-layout-flow\">\n<h3 class=\"has-text-align-center wp-block-heading\"><strong><strong>\uff1c\u3000<strong>\u8af8\u3000\u5143<\/strong>\u3000\uff1e<\/strong><\/strong><\/h3>\n<\/div>\n<\/div>\n\n\n\n<div class=\"wp-block-columns is-layout-flex wp-container-core-columns-is-layout-9d6595d7 wp-block-columns-is-layout-flex\">\n<div class=\"wp-block-column is-layout-flow wp-block-column-is-layout-flow\">\n<figure class=\"wp-block-image size-full\"><img loading=\"lazy\" decoding=\"async\" width=\"448\" height=\"336\" src=\"https:\/\/lohasplan.com\/wp-content\/uploads\/2022\/07\/CIMG12-1.jpg\" alt=\"\" class=\"wp-image-58\" srcset=\"https:\/\/lohasplan.com\/wp-content\/uploads\/2022\/07\/CIMG12-1.jpg 448w, https:\/\/lohasplan.com\/wp-content\/uploads\/2022\/07\/CIMG12-1-300x225.jpg 300w\" sizes=\"auto, (max-width: 448px) 100vw, 448px\" \/><\/figure>\n<\/div>\n\n\n\n<div class=\"wp-block-column is-layout-flow wp-block-column-is-layout-flow\">\n<p>\u3010\u672c\u4f53\u5bf8\u6cd5\u3011\u3000W1,700\u00d7L2,565<br>\u3000\u3000\u3000\u3000\u3000\u3000\u3000\u9593\u53e3\uff1a\u3000\u3000<br>\u3000\u3000\u3000\u3000\u3000\u3000\u3000\u6881\u4e0b\uff1a<\/p>\n\n\n\n<p>\u3010\u90e8\u6750\u5bf8\u6cd5\u3011\u3000\u3000\u67f1\uff1aH-194\u00d7150\u00d76\u00d79<br>\u3000\u3000\u3000\u3000\u3000\u3000\u3000\u3000\u6881\uff1aH-198\u00d799\u00d74.5\u00d77<br>\u3000\u3000\u3000\u3000\u3000\u3000\u88dc\u5f37\u6881\uff1aH-150\u00d775\u00d75\u00d77<\/p>\n<\/div>\n<\/div>\n\n\n\n<div class=\"wp-block-columns is-layout-flex wp-container-core-columns-is-layout-9d6595d7 wp-block-columns-is-layout-flex\">\n<div class=\"wp-block-column is-layout-flow wp-block-column-is-layout-flow\">\n<p class=\"has-text-align-center\"><strong>\u56f3\u9762\u6e96\u5099\u4e2d<\/strong><\/p>\n<\/div>\n<\/div>\n\n\n\n<div class=\"wp-block-columns is-layout-flex wp-container-core-columns-is-layout-9d6595d7 wp-block-columns-is-layout-flex\">\n<div class=\"wp-block-column is-layout-flow wp-block-column-is-layout-flow\">\n<h3 class=\"wp-block-heading\"><strong>\u30ab\u30fc\u30dd\u30fc\u30c8\u3068\u30b9\u30c8\u30c3\u30ab\u30fc\u3092\u4e00\u4f53\u5316<\/strong><\/h3>\n<\/div>\n<\/div>\n\n\n\n<div class=\"wp-block-columns is-layout-flex wp-container-core-columns-is-layout-9d6595d7 wp-block-columns-is-layout-flex\">\n<div class=\"wp-block-column is-layout-flow wp-block-column-is-layout-flow\">\n<h2 class=\"has-text-align-center wp-block-heading\"><strong>CPH-299US\uff08\u81ea\u7531\u8a2d\u8a08\uff09<\/strong><\/h2>\n<\/div>\n\n\n\n<div class=\"wp-block-column is-layout-flow wp-block-column-is-layout-flow\">\n<h3 class=\"has-text-align-center wp-block-heading\"><strong><strong>\uff1c\u3000<strong>\u8af8\u3000\u5143<\/strong>\u3000\uff1e<\/strong><\/strong><\/h3>\n<\/div>\n<\/div>\n\n\n\n<div class=\"wp-block-columns is-layout-flex wp-container-core-columns-is-layout-9d6595d7 wp-block-columns-is-layout-flex\">\n<div class=\"wp-block-column is-layout-flow wp-block-column-is-layout-flow\">\n<figure class=\"wp-block-image size-full\"><img loading=\"lazy\" decoding=\"async\" width=\"340\" height=\"189\" src=\"https:\/\/lohasplan.com\/wp-content\/uploads\/2022\/07\/CPH-299US.jpg\" alt=\"\" class=\"wp-image-77\" srcset=\"https:\/\/lohasplan.com\/wp-content\/uploads\/2022\/07\/CPH-299US.jpg 340w, https:\/\/lohasplan.com\/wp-content\/uploads\/2022\/07\/CPH-299US-300x167.jpg 300w\" sizes=\"auto, (max-width: 340px) 100vw, 340px\" \/><\/figure>\n<\/div>\n\n\n\n<div class=\"wp-block-column is-layout-flow wp-block-column-is-layout-flow\">\n<p>\u3010\u672c\u4f53\u5bf8\u6cd5\u3011\u3000W3,400\u00d7L7,425\u00d7H2,650<br>\u3000\u3000\u3000\u3000\u3000\u3000\u3000\u9593\u53e3\uff1a2,700<br>\u3000\u3000\u3000\u3000\u3000\u3000\u3000\u6881\u4e0b\uff1a2,300<\/p>\n\n\n\n<p>\u3010\u90e8\u6750\u5bf8\u6cd5\u3011\u3000\u3000\u67f1\uff1a\u22a1-125\u00d7125\u00d7t3.2<br>\u3000\u3000\u3000\u3000\u3000\u3000\u3000\u3000\u6881\uff1aH-150\u00d775\u00d75\u00d77<br>\u3000\u3000\u3000\u3000\u3000\u3000\u88dc\u5f37\u6881\uff1aH-150\u00d775\u00d75\u00d77<\/p>\n<\/div>\n<\/div>\n\n\n\n<div class=\"wp-block-columns is-layout-flex wp-container-core-columns-is-layout-9d6595d7 wp-block-columns-is-layout-flex\">\n<div class=\"wp-block-column is-layout-flow wp-block-column-is-layout-flow\">\n<figure class=\"wp-block-image size-full\"><img loading=\"lazy\" decoding=\"async\" width=\"640\" height=\"192\" src=\"https:\/\/lohasplan.com\/wp-content\/uploads\/2022\/07\/w-CPH299DU.jpg\" alt=\"\" class=\"wp-image-135\" srcset=\"https:\/\/lohasplan.com\/wp-content\/uploads\/2022\/07\/w-CPH299DU.jpg 640w, https:\/\/lohasplan.com\/wp-content\/uploads\/2022\/07\/w-CPH299DU-300x90.jpg 300w\" sizes=\"auto, (max-width: 640px) 100vw, 640px\" \/><\/figure>\n<\/div>\n<\/div>\n\n\n\n<div class=\"wp-block-columns is-layout-flex wp-container-core-columns-is-layout-9d6595d7 wp-block-columns-is-layout-flex\">\n<div class=\"wp-block-column is-layout-flow wp-block-column-is-layout-flow\">\n<h3 class=\"wp-block-heading\"><strong>2\u53f0\u7528\u4e2d\u67f1\u30ab\u30fc\u30dd\u30fc\u30c8<\/strong><\/h3>\n<\/div>\n<\/div>\n\n\n\n<div class=\"wp-block-columns is-layout-flex wp-container-core-columns-is-layout-9d6595d7 wp-block-columns-is-layout-flex\">\n<div class=\"wp-block-column is-layout-flow wp-block-column-is-layout-flow\">\n<h2 class=\"has-text-align-center wp-block-heading\"><strong>CPH-539DW\uff08\u81ea\u7531\u8a2d\u8a08\uff09<\/strong><\/h2>\n<\/div>\n\n\n\n<div class=\"wp-block-column is-layout-flow wp-block-column-is-layout-flow\">\n<h3 class=\"has-text-align-center wp-block-heading\"><strong><strong>\uff1c\u3000<strong>\u8af8\u3000\u5143<\/strong>\u3000\uff1e<\/strong><\/strong><\/h3>\n<\/div>\n<\/div>\n\n\n\n<div class=\"wp-block-columns is-layout-flex wp-container-core-columns-is-layout-9d6595d7 wp-block-columns-is-layout-flex\">\n<div class=\"wp-block-column is-layout-flow wp-block-column-is-layout-flow\">\n<figure class=\"wp-block-image size-full\"><img loading=\"lazy\" decoding=\"async\" width=\"340\" height=\"254\" src=\"https:\/\/lohasplan.com\/wp-content\/uploads\/2022\/07\/CPH-539DW.jpg\" alt=\"\" class=\"wp-image-81\" srcset=\"https:\/\/lohasplan.com\/wp-content\/uploads\/2022\/07\/CPH-539DW.jpg 340w, https:\/\/lohasplan.com\/wp-content\/uploads\/2022\/07\/CPH-539DW-300x224.jpg 300w\" sizes=\"auto, (max-width: 340px) 100vw, 340px\" \/><\/figure>\n<\/div>\n\n\n\n<div class=\"wp-block-column is-layout-flow wp-block-column-is-layout-flow\">\n<p>\u3010\u672c\u4f53\u5bf8\u6cd5\u3011\u3000W6,000\u00d7L5,625\u00d7H2,750<br>\u3000\u3000\u3000\u3000\u3000\u3000\u3000\u9593\u53e3\uff1a\u3000\u3000<br>\u3000\u3000\u3000\u3000\u3000\u3000\u3000\u6881\u4e0b\uff1a2,300<\/p>\n\n\n\n<p>\u3010\u90e8\u6750\u5bf8\u6cd5\u3011\u3000\u3000\u67f1\uff1aH-200\u00d7200\u00d78\u00d712<br>\u3000\u3000\u3000\u3000\u3000\u3000\u3000\u3000\u6881\uff1aH-248\u00d7124\u00d75\u00d78<br>\u3000\u3000\u3000\u3000\u3000\u3000\u88dc\u5f37\u6881\uff1aH-175\u00d790\u00d75\u00d78<\/p>\n<\/div>\n<\/div>\n\n\n\n<div class=\"wp-block-columns is-layout-flex wp-container-core-columns-is-layout-9d6595d7 wp-block-columns-is-layout-flex\">\n<div class=\"wp-block-column is-layout-flow wp-block-column-is-layout-flow\">\n<figure class=\"wp-block-image size-full\"><img loading=\"lazy\" decoding=\"async\" width=\"640\" height=\"191\" src=\"https:\/\/lohasplan.com\/wp-content\/uploads\/2022\/07\/w-CPH539DW.jpg\" alt=\"\" class=\"wp-image-138\" srcset=\"https:\/\/lohasplan.com\/wp-content\/uploads\/2022\/07\/w-CPH539DW.jpg 640w, https:\/\/lohasplan.com\/wp-content\/uploads\/2022\/07\/w-CPH539DW-300x90.jpg 300w\" sizes=\"auto, (max-width: 640px) 100vw, 640px\" \/><\/figure>\n<\/div>\n<\/div>\n","protected":false},"excerpt":{"rendered":"<p>\u3042\u3063\u305f\u3089\u3044\u3044\u306a!! \u30ab\u30fc\u30dd\u30fc\u30c8\u4e0a\u306e\u7a7a\u9593\u3092\u30d5\u30ea\u30fc\u30b9\u30da\u30fc\u30b9\u306b \u6d3b\u7528\u65b9\u6cd5\u306f\u304a\u5ba2\u69d8\u306e\u30a2\u30a4 &hellip; <a href=\"https:\/\/lohasplan.com\/?page_id=548\">\u7d9a\u304d\u3092\u8aad\u3080 <span class=\"meta-nav\">&rarr;<\/span><\/a><\/p>\n","protected":false},"author":1,"featured_media":0,"parent":663,"menu_order":50,"comment_status":"closed","ping_status":"closed","template":"onecolumn-page.php","meta":{"footnotes":""},"class_list":["post-548","page","type-page","status-publish","hentry"],"_links":{"self":[{"href":"https:\/\/lohasplan.com\/index.php?rest_route=\/wp\/v2\/pages\/548","targetHints":{"allow":["GET"]}}],"collection":[{"href":"https:\/\/lohasplan.com\/index.php?rest_route=\/wp\/v2\/pages"}],"about":[{"href":"https:\/\/lohasplan.com\/index.php?rest_route=\/wp\/v2\/types\/page"}],"author":[{"embeddable":true,"href":"https:\/\/lohasplan.com\/index.php?rest_route=\/wp\/v2\/users\/1"}],"replies":[{"embeddable":true,"href":"https:\/\/lohasplan.com\/index.php?rest_route=%2Fwp%2Fv2%2Fcomments&post=548"}],"version-history":[{"count":23,"href":"https:\/\/lohasplan.com\/index.php?rest_route=\/wp\/v2\/pages\/548\/revisions"}],"predecessor-version":[{"id":593,"href":"https:\/\/lohasplan.com\/index.php?rest_route=\/wp\/v2\/pages\/548\/revisions\/593"}],"up":[{"embeddable":true,"href":"https:\/\/lohasplan.com\/index.php?rest_route=\/wp\/v2\/pages\/663"}],"wp:attachment":[{"href":"https:\/\/lohasplan.com\/index.php?rest_route=%2Fwp%2Fv2%2Fmedia&parent=548"}],"curies":[{"name":"wp","href":"https:\/\/api.w.org\/{rel}","templated":true}]}}