{"id":373,"date":"2022-10-19T23:11:39","date_gmt":"2022-10-19T14:11:39","guid":{"rendered":"http:\/\/lohasplan.com\/?page_id=373"},"modified":"2023-01-25T09:56:09","modified_gmt":"2023-01-25T00:56:09","slug":"%ef%bc%92%e5%8f%b0%e7%94%a8","status":"publish","type":"page","link":"https:\/\/lohasplan.com\/?page_id=373","title":{"rendered":"\uff12\u53f0\u7528"},"content":{"rendered":"\n<div class=\"wp-block-columns is-layout-flex wp-container-core-columns-is-layout-9d6595d7 wp-block-columns-is-layout-flex\">\n<div class=\"wp-block-column is-layout-flow wp-block-column-is-layout-flow\">\n<figure class=\"wp-block-image size-full\"><img loading=\"lazy\" decoding=\"async\" width=\"156\" height=\"68\" src=\"https:\/\/lohasplan.com\/wp-content\/uploads\/2023\/01\/\u90a8\uff75\u30fb\u8c9e\u5e8a-1.jpg\" alt=\"\" class=\"wp-image-428\"\/><\/figure>\n<\/div>\n\n\n\n<div class=\"wp-block-column is-layout-flow wp-block-column-is-layout-flow\">\n<figure class=\"wp-block-image size-full\"><img loading=\"lazy\" decoding=\"async\" width=\"216\" height=\"42\" src=\"https:\/\/lohasplan.com\/wp-content\/uploads\/2022\/08\/image.png\" alt=\"\" class=\"wp-image-251\"\/><\/figure>\n<\/div>\n<\/div>\n\n\n\n<div class=\"wp-block-columns is-layout-flex wp-container-core-columns-is-layout-9d6595d7 wp-block-columns-is-layout-flex\">\n<div class=\"wp-block-column is-layout-flow wp-block-column-is-layout-flow\">\n<h2 class=\"has-text-align-center wp-block-heading\"><strong>CPS-500\uff08\u5ec9\u4fa1\u4ed5\u69d8\uff09<\/strong><\/h2>\n<\/div>\n\n\n\n<div class=\"wp-block-column is-layout-flow wp-block-column-is-layout-flow\">\n<h3 class=\"has-text-align-center wp-block-heading\"><strong><strong><strong>\uff1c\u3000\u8af8\u3000\u5143\u3000\uff1e<\/strong><\/strong><\/strong><\/h3>\n<\/div>\n<\/div>\n\n\n\n<div class=\"wp-block-columns is-layout-flex wp-container-core-columns-is-layout-9d6595d7 wp-block-columns-is-layout-flex\">\n<div class=\"wp-block-column is-layout-flow wp-block-column-is-layout-flow\">\n<figure class=\"wp-block-image size-full\"><img loading=\"lazy\" decoding=\"async\" width=\"340\" height=\"255\" src=\"https:\/\/lohasplan.com\/wp-content\/uploads\/2022\/07\/CPS-500.jpg\" alt=\"\" class=\"wp-image-89\" srcset=\"https:\/\/lohasplan.com\/wp-content\/uploads\/2022\/07\/CPS-500.jpg 340w, https:\/\/lohasplan.com\/wp-content\/uploads\/2022\/07\/CPS-500-300x225.jpg 300w\" sizes=\"auto, (max-width: 340px) 100vw, 340px\" \/><\/figure>\n<\/div>\n\n\n\n<div class=\"wp-block-column is-layout-flow wp-block-column-is-layout-flow\">\n<p>\u3010\u672c\u4f53\u5bf8\u6cd5\u3011\u3000W5,720\u00d7L5,575\u00d7H2,750<br>\u3000\u3000\u3000\u3000\u3000\u3000\u3000\u9593\u53e3\uff1a5,000\u3000\u3000\u3000<br>\u3000\u3000\u3000\u3000\u3000\u3000\u3000\u6881\u4e0b\uff1a2,300\u3000<\/p>\n\n\n\n<p class=\"has-text-align-left\">\u3010\u90e8\u6750\u5bf8\u6cd5\u3011\u3000\u3000\u67f1\uff1a\u22a1-125\u00d7125\u00d7t3.2<br>\u3000\u3000\u3000\u3000\u3000\u3000\u3000\u3000\u6881\uff1aH-200\u00d7100\u00d75.5\u00d78<br>\u3000\u3000\u3000\u3000\u3000\u3000\u88dc\u5f37\u6881\uff1aH-150\u00d775\u00d75\u00d77<\/p>\n<\/div>\n<\/div>\n\n\n\n<div class=\"wp-block-columns is-layout-flex wp-container-core-columns-is-layout-9d6595d7 wp-block-columns-is-layout-flex\">\n<div class=\"wp-block-column is-layout-flow wp-block-column-is-layout-flow\">\n<p class=\"has-text-align-center\">\u56f3\u9762\u6e96\u5099\u4e2d<\/p>\n<\/div>\n<\/div>\n\n\n\n<div class=\"wp-block-columns is-layout-flex wp-container-core-columns-is-layout-9d6595d7 wp-block-columns-is-layout-flex\">\n<div class=\"wp-block-column is-layout-flow wp-block-column-is-layout-flow\">\n<h2 class=\"has-text-align-center wp-block-heading\"><strong>CPH-500\uff08\u65e7\u6a19\u6e96\u4ed5\u69d8\uff09<\/strong><\/h2>\n<\/div>\n\n\n\n<div class=\"wp-block-column is-layout-flow wp-block-column-is-layout-flow\">\n<h3 class=\"has-text-align-center wp-block-heading\"><strong><strong><strong>\uff1c\u3000\u8af8\u3000\u5143\u3000\uff1e<\/strong><\/strong><\/strong><\/h3>\n<\/div>\n<\/div>\n\n\n\n<div class=\"wp-block-columns is-layout-flex wp-container-core-columns-is-layout-9d6595d7 wp-block-columns-is-layout-flex\">\n<div class=\"wp-block-column is-layout-flow wp-block-column-is-layout-flow\">\n<figure class=\"wp-block-image size-full\"><img loading=\"lazy\" decoding=\"async\" width=\"340\" height=\"253\" src=\"https:\/\/lohasplan.com\/wp-content\/uploads\/2022\/07\/CPH-500.jpg\" alt=\"\" class=\"wp-image-78\" srcset=\"https:\/\/lohasplan.com\/wp-content\/uploads\/2022\/07\/CPH-500.jpg 340w, https:\/\/lohasplan.com\/wp-content\/uploads\/2022\/07\/CPH-500-300x223.jpg 300w\" sizes=\"auto, (max-width: 340px) 100vw, 340px\" \/><\/figure>\n<\/div>\n\n\n\n<div class=\"wp-block-column is-layout-flow wp-block-column-is-layout-flow\">\n<p>\u3010\u672c\u4f53\u5bf8\u6cd5\u3011\u3000W5,720\u00d7L5,625\u00d7H2,750<br>\u3000\u3000\u3000\u3000\u3000\u3000\u3000\u9593\u53e3\uff1a5,020\u3000\u3000\u3000<br>\u3000\u3000\u3000\u3000\u3000\u3000\u3000\u6881\u4e0b\uff1a2,300\u3000<\/p>\n\n\n\n<p class=\"has-text-align-left\">\u3010\u90e8\u6750\u5bf8\u6cd5\u3011\u3000\u3000\u67f1\uff1a\u22a1-125\u00d7125\u00d7t4.5<br>\u3000\u3000\u3000\u3000\u3000\u3000\u3000\u3000\u6881\uff1aH-250\u00d7250\u00d76\u00d79<br>\u3000\u3000\u3000\u3000\u3000\u3000\u88dc\u5f37\u6881\uff1aH-150\u00d775\u00d75\u00d77<\/p>\n<\/div>\n<\/div>\n\n\n\n<div class=\"wp-block-columns is-layout-flex wp-container-core-columns-is-layout-9d6595d7 wp-block-columns-is-layout-flex\">\n<div class=\"wp-block-column is-layout-flow wp-block-column-is-layout-flow\">\n<figure class=\"wp-block-image size-full\"><img loading=\"lazy\" decoding=\"async\" width=\"640\" height=\"191\" src=\"https:\/\/lohasplan.com\/wp-content\/uploads\/2022\/07\/w-CPH500.jpg\" alt=\"\" class=\"wp-image-136\" srcset=\"https:\/\/lohasplan.com\/wp-content\/uploads\/2022\/07\/w-CPH500.jpg 640w, https:\/\/lohasplan.com\/wp-content\/uploads\/2022\/07\/w-CPH500-300x90.jpg 300w\" sizes=\"auto, (max-width: 640px) 100vw, 640px\" \/><\/figure>\n<\/div>\n<\/div>\n\n\n\n<div class=\"wp-block-columns is-layout-flex wp-container-core-columns-is-layout-9d6595d7 wp-block-columns-is-layout-flex\">\n<div class=\"wp-block-column is-layout-flow wp-block-column-is-layout-flow\">\n<h2 class=\"has-text-align-center wp-block-heading\"><strong>CPH-530\uff08\u6a19\u6e96\u4ed5\u69d8\uff09<\/strong><\/h2>\n<\/div>\n\n\n\n<div class=\"wp-block-column is-layout-flow wp-block-column-is-layout-flow\">\n<h3 class=\"has-text-align-center wp-block-heading\"><strong><strong><strong>\uff1c\u3000\u8af8\u3000\u5143\u3000\uff1e<\/strong><\/strong><\/strong><\/h3>\n<\/div>\n<\/div>\n\n\n\n<div class=\"wp-block-columns is-layout-flex wp-container-core-columns-is-layout-9d6595d7 wp-block-columns-is-layout-flex\">\n<div class=\"wp-block-column is-layout-flow wp-block-column-is-layout-flow\">\n<figure class=\"wp-block-image size-full\"><img loading=\"lazy\" decoding=\"async\" width=\"360\" height=\"269\" src=\"https:\/\/lohasplan.com\/wp-content\/uploads\/2022\/07\/CPH-530DX.jpg\" alt=\"\" class=\"wp-image-80\" srcset=\"https:\/\/lohasplan.com\/wp-content\/uploads\/2022\/07\/CPH-530DX.jpg 360w, https:\/\/lohasplan.com\/wp-content\/uploads\/2022\/07\/CPH-530DX-300x224.jpg 300w\" sizes=\"auto, (max-width: 360px) 100vw, 360px\" \/><\/figure>\n<\/div>\n\n\n\n<div class=\"wp-block-column is-layout-flow wp-block-column-is-layout-flow\">\n<p>\u3010\u672c\u4f53\u5bf8\u6cd5\u3011\u3000W6,000\u00d7L5,565\u00d7H2,750<br>\u3000\u3000\u3000\u3000\u3000\u3000\u3000\u9593\u53e3\uff1a5,300\u3000\u3000\u3000<br>\u3000\u3000\u3000\u3000\u3000\u3000\u3000\u6881\u4e0b\uff1a2,300\u3000<\/p>\n\n\n\n<p class=\"has-text-align-left\">\u3010\u90e8\u6750\u5bf8\u6cd5\u3011\u3000\u3000\u67f1\uff1a\u22a1-125\u00d7125\u00d7t4.5<br>\u3000\u3000\u3000\u3000\u3000\u3000\u3000\u3000\u6881\uff1aH-250\u00d7125\u00d76\u00d79<br>\u3000\u3000\u3000\u3000\u3000\u3000\u88dc\u5f37\u6881\uff1aH-150\u00d775\u00d75\u00d77<\/p>\n<\/div>\n<\/div>\n\n\n\n<div class=\"wp-block-columns is-layout-flex wp-container-core-columns-is-layout-9d6595d7 wp-block-columns-is-layout-flex\">\n<div class=\"wp-block-column is-layout-flow wp-block-column-is-layout-flow\">\n<figure class=\"wp-block-image size-full\"><img loading=\"lazy\" decoding=\"async\" width=\"640\" height=\"192\" src=\"https:\/\/lohasplan.com\/wp-content\/uploads\/2022\/07\/w-CPH530DX.jpg\" alt=\"\" class=\"wp-image-137\" srcset=\"https:\/\/lohasplan.com\/wp-content\/uploads\/2022\/07\/w-CPH530DX.jpg 640w, https:\/\/lohasplan.com\/wp-content\/uploads\/2022\/07\/w-CPH530DX-300x90.jpg 300w\" sizes=\"auto, (max-width: 640px) 100vw, 640px\" \/><\/figure>\n<\/div>\n<\/div>\n\n\n\n<div class=\"wp-block-columns is-layout-flex wp-container-core-columns-is-layout-9d6595d7 wp-block-columns-is-layout-flex\">\n<div class=\"wp-block-column is-layout-flow wp-block-column-is-layout-flow\">\n<h2 class=\"has-text-align-center wp-block-heading\"><strong>CPH-539\uff08\u4e38\u67f1\uff71\uff99\uff90\u5e55\u677f\uff09<\/strong><\/h2>\n<\/div>\n\n\n\n<div class=\"wp-block-column is-layout-flow wp-block-column-is-layout-flow\">\n<h3 class=\"has-text-align-center wp-block-heading\"><strong><strong><strong>\uff1c\u3000\u8af8\u3000\u5143\u3000\uff1e<\/strong><\/strong><\/strong><\/h3>\n<\/div>\n<\/div>\n\n\n\n<div class=\"wp-block-columns is-layout-flex wp-container-core-columns-is-layout-9d6595d7 wp-block-columns-is-layout-flex\">\n<div class=\"wp-block-column is-layout-flow wp-block-column-is-layout-flow\">\n<figure class=\"wp-block-image size-full\"><img loading=\"lazy\" decoding=\"async\" width=\"448\" height=\"336\" src=\"https:\/\/lohasplan.com\/wp-content\/uploads\/2022\/07\/CIMG1546.jpg\" alt=\"\" class=\"wp-image-60\" srcset=\"https:\/\/lohasplan.com\/wp-content\/uploads\/2022\/07\/CIMG1546.jpg 448w, https:\/\/lohasplan.com\/wp-content\/uploads\/2022\/07\/CIMG1546-300x225.jpg 300w\" sizes=\"auto, (max-width: 448px) 100vw, 448px\" \/><\/figure>\n<\/div>\n\n\n\n<div class=\"wp-block-column is-layout-flow wp-block-column-is-layout-flow\">\n<p>\u3010\u672c\u4f53\u5bf8\u6cd5\u3011\u3000W6,000\u00d7L4,910\u00d7H3,245<br>\u3000\u3000\u3000\u3000\u3000\u3000\u3000\u9593\u53e3\uff1a5,260\u3000\u3000\u3000<br>\u3000\u3000\u3000\u3000\u3000\u3000\u3000\u6881\u4e0b\uff1a2,750\u3000<\/p>\n\n\n\n<p>\u3010\u90e8\u6750\u5bf8\u6cd5\u3011\u3000\u3000\u67f1\uff1a\u3007-\u03a6165.2\u00d7t3.7<br>\u3000\u3000\u3000\u3000\u3000\u3000\u3000\u3000\u6881\uff1aH-245\u00d7124\u00d75\u00d78<br>\u3000\u3000\u3000\u3000\u3000\u3000\u88dc\u5f37\u6881\uff1aH-150\u00d775\u00d75\u00d77<\/p>\n<\/div>\n<\/div>\n\n\n\n<div class=\"wp-block-columns is-layout-flex wp-container-core-columns-is-layout-9d6595d7 wp-block-columns-is-layout-flex\">\n<div class=\"wp-block-column is-layout-flow wp-block-column-is-layout-flow\">\n<p class=\"has-text-align-center\">\u56f3\u9762\u6e96\u5099\u4e2d<\/p>\n<\/div>\n<\/div>\n\n\n\n<div class=\"wp-block-columns is-layout-flex wp-container-core-columns-is-layout-9d6595d7 wp-block-columns-is-layout-flex\">\n<div class=\"wp-block-column is-layout-flow wp-block-column-is-layout-flow\">\n<h2 class=\"wp-block-heading\">NEW\u3000CPH-520\uff08\u4e38\u67f1\u7e26\u6d41\u308c\uff09<\/h2>\n<\/div>\n\n\n\n<div class=\"wp-block-column is-layout-flow wp-block-column-is-layout-flow\">\n<h3 class=\"has-text-align-center wp-block-heading\"><strong><strong><strong>\uff1c\u3000\u8af8\u3000\u5143\u3000\uff1e<\/strong><\/strong><\/strong><\/h3>\n<\/div>\n<\/div>\n\n\n\n<div class=\"wp-block-columns is-layout-flex wp-container-core-columns-is-layout-9d6595d7 wp-block-columns-is-layout-flex\">\n<div class=\"wp-block-column is-layout-flow wp-block-column-is-layout-flow\">\n<figure class=\"wp-block-image size-full\"><img loading=\"lazy\" decoding=\"async\" width=\"486\" height=\"319\" src=\"https:\/\/lohasplan.com\/wp-content\/uploads\/2022\/07\/08S-CPH530.jpg\" alt=\"\" class=\"wp-image-32\" srcset=\"https:\/\/lohasplan.com\/wp-content\/uploads\/2022\/07\/08S-CPH530.jpg 486w, https:\/\/lohasplan.com\/wp-content\/uploads\/2022\/07\/08S-CPH530-300x197.jpg 300w\" sizes=\"auto, (max-width: 486px) 100vw, 486px\" \/><\/figure>\n<\/div>\n\n\n\n<div class=\"wp-block-column is-layout-flow wp-block-column-is-layout-flow\">\n<p>\u3010\u672c\u4f53\u5bf8\u6cd5\u3011\u3000W5,510\u00d7L5,500\u00d7H2,750<br>\u3000\u3000\u3000\u3000\u3000\u3000\u3000\u9593\u53e3\uff1a5,300\u3000\u3000<br>\u3000\u3000\u3000\u3000\u3000\u3000\u3000\u6881\u4e0b\uff1a2,300\u3000<\/p>\n\n\n\n<p>\u3010\u90e8\u6750\u5bf8\u6cd5\u3011\u3000\u3000\u67f1\uff1a\u3007-\u03a6165.2\u00d7t3.7<br>\u3000\u3000\u3000\u3000\u3000\u3000\u3000\u3000\u6881\uff1aH-198\u00d799\u00d74.5\u00d77<br>\u3000\u3000\u3000\u3000\u3000\u3000\u88dc\u5f37\u6881\uff1aH-198\u00d799\u00d74.5\u00d77<\/p>\n<\/div>\n<\/div>\n\n\n\n<div class=\"wp-block-columns is-layout-flex wp-container-core-columns-is-layout-9d6595d7 wp-block-columns-is-layout-flex\">\n<div class=\"wp-block-column is-layout-flow wp-block-column-is-layout-flow\">\n<p class=\"has-text-align-center\">\u56f3\u9762\u6e96\u5099\u4e2d<\/p>\n<\/div>\n<\/div>\n\n\n\n<div class=\"wp-block-columns is-layout-flex wp-container-core-columns-is-layout-9d6595d7 wp-block-columns-is-layout-flex\">\n<div class=\"wp-block-column is-layout-flow wp-block-column-is-layout-flow\">\n<h2 class=\"has-text-align-center wp-block-heading\"><strong>CPS-509\uff08\u81ea\u7531\u8a2d\u8a08\uff09<\/strong><\/h2>\n<\/div>\n\n\n\n<div class=\"wp-block-column is-layout-flow wp-block-column-is-layout-flow\">\n<h3 class=\"has-text-align-center wp-block-heading\"><strong><strong><strong>\uff1c\u3000\u8af8\u3000\u5143\u3000\uff1e<\/strong><\/strong><\/strong><\/h3>\n<\/div>\n<\/div>\n\n\n\n<div class=\"wp-block-columns is-layout-flex wp-container-core-columns-is-layout-9d6595d7 wp-block-columns-is-layout-flex\">\n<div class=\"wp-block-column is-layout-flow wp-block-column-is-layout-flow\">\n<figure class=\"wp-block-image size-full\"><img loading=\"lazy\" decoding=\"async\" width=\"340\" height=\"255\" src=\"https:\/\/lohasplan.com\/wp-content\/uploads\/2022\/07\/CPH-509.jpg\" alt=\"\" class=\"wp-image-79\" srcset=\"https:\/\/lohasplan.com\/wp-content\/uploads\/2022\/07\/CPH-509.jpg 340w, https:\/\/lohasplan.com\/wp-content\/uploads\/2022\/07\/CPH-509-300x225.jpg 300w\" sizes=\"auto, (max-width: 340px) 100vw, 340px\" \/><\/figure>\n<\/div>\n\n\n\n<div class=\"wp-block-column is-layout-flow wp-block-column-is-layout-flow\">\n<p>\u3010\u672c\u4f53\u5bf8\u6cd5\u3011\u3000W\u00d7L\u00d7H<br>\u3000\u3000\u3000\u3000\u3000\u3000\u3000\u9593\u53e3\uff1a\u3000<br>\u3000\u3000\u3000\u3000\u3000\u3000\u3000\u6881\u4e0b\uff1a<\/p>\n\n\n\n<p>\u3010\u90e8\u6750\u5bf8\u6cd5\u3011\u3000\u3000\u67f1\uff1a\u22a1-125\u00d7125\u00d7t4.5<br>\u3000\u3000\u3000\u3000\u3000\u3000\u3000\u3000\u6881\uff1aH-250\u00d7125\u00d76\u00d79<br>\u3000\u3000\u3000\u3000\u3000\u3000\u88dc\u5f37\u6881\uff1aH-150\u00d775\u00d75\u00d77<\/p>\n<\/div>\n<\/div>\n\n\n\n<div class=\"wp-block-columns is-layout-flex wp-container-core-columns-is-layout-9d6595d7 wp-block-columns-is-layout-flex\">\n<div class=\"wp-block-column is-layout-flow wp-block-column-is-layout-flow\">\n<p class=\"has-text-align-center\">\u56f3\u9762\u6e96\u5099\u4e2d<\/p>\n<\/div>\n<\/div>\n\n\n\n<div class=\"wp-block-columns is-layout-flex wp-container-core-columns-is-layout-9d6595d7 wp-block-columns-is-layout-flex\">\n<div class=\"wp-block-column is-layout-flow wp-block-column-is-layout-flow\">\n<h2 class=\"has-text-align-center wp-block-heading\"><strong>CPH-539\uff08\u81ea\u7531\u8a2d\u8a08\uff09<\/strong><\/h2>\n<\/div>\n\n\n\n<div class=\"wp-block-column is-layout-flow wp-block-column-is-layout-flow\">\n<h3 class=\"has-text-align-center wp-block-heading\"><strong><strong><strong>\uff1c\u3000\u8af8\u3000\u5143\u3000\uff1e<\/strong><\/strong><\/strong><\/h3>\n<\/div>\n<\/div>\n\n\n\n<div class=\"wp-block-columns is-layout-flex wp-container-core-columns-is-layout-9d6595d7 wp-block-columns-is-layout-flex\">\n<div class=\"wp-block-column is-layout-flow wp-block-column-is-layout-flow\">\n<figure class=\"wp-block-image size-full\"><img loading=\"lazy\" decoding=\"async\" width=\"340\" height=\"253\" src=\"https:\/\/lohasplan.com\/wp-content\/uploads\/2022\/07\/CPH-539DX.jpg\" alt=\"\" class=\"wp-image-82\" srcset=\"https:\/\/lohasplan.com\/wp-content\/uploads\/2022\/07\/CPH-539DX.jpg 340w, https:\/\/lohasplan.com\/wp-content\/uploads\/2022\/07\/CPH-539DX-300x223.jpg 300w\" sizes=\"auto, (max-width: 340px) 100vw, 340px\" \/><\/figure>\n<\/div>\n\n\n\n<div class=\"wp-block-column is-layout-flow wp-block-column-is-layout-flow\">\n<p>\u3010\u672c\u4f53\u5bf8\u6cd5\u3011\u3000W\u00d7L\u00d7H<br>\u3000\u3000\u3000\u3000\u3000\u3000\u3000\u9593\u53e3\uff1a\u3000<br>\u3000\u3000\u3000\u3000\u3000\u3000\u3000\u6881\u4e0b\uff1a<\/p>\n\n\n\n<p>\u3010\u90e8\u6750\u5bf8\u6cd5\u3011\u3000\u3000\u67f1\uff1a\u22a1-125\u00d7125\u00d7t4.5<br>\u3000\u3000\u3000\u3000\u3000\u3000\u3000\u3000\u6881\uff1aH-250\u00d7125\u00d76\u00d79<br>\u3000\u3000\u3000\u3000\u3000\u3000\u88dc\u5f37\u6881\uff1aH-150\u00d775\u00d75\u00d77<\/p>\n<\/div>\n<\/div>\n\n\n\n<div class=\"wp-block-columns is-layout-flex wp-container-core-columns-is-layout-9d6595d7 wp-block-columns-is-layout-flex\">\n<div class=\"wp-block-column is-layout-flow wp-block-column-is-layout-flow\">\n<p class=\"has-text-align-center\">\u56f3\u9762\u6e96\u5099\u4e2d<\/p>\n<\/div>\n<\/div>\n","protected":false},"excerpt":{"rendered":"<p>CPS-500\uff08\u5ec9\u4fa1\u4ed5\u69d8\uff09 \uff1c\u3000\u8af8\u3000\u5143\u3000\uff1e \u3010\u672c\u4f53\u5bf8\u6cd5\u3011\u3000W5,720\u00d7L5,5 &hellip; <a href=\"https:\/\/lohasplan.com\/?page_id=373\">\u7d9a\u304d\u3092\u8aad\u3080 <span class=\"meta-nav\">&rarr;<\/span><\/a><\/p>\n","protected":false},"author":1,"featured_media":0,"parent":663,"menu_order":30,"comment_status":"closed","ping_status":"closed","template":"onecolumn-page.php","meta":{"footnotes":""},"class_list":["post-373","page","type-page","status-publish","hentry"],"_links":{"self":[{"href":"https:\/\/lohasplan.com\/index.php?rest_route=\/wp\/v2\/pages\/373","targetHints":{"allow":["GET"]}}],"collection":[{"href":"https:\/\/lohasplan.com\/index.php?rest_route=\/wp\/v2\/pages"}],"about":[{"href":"https:\/\/lohasplan.com\/index.php?rest_route=\/wp\/v2\/types\/page"}],"author":[{"embeddable":true,"href":"https:\/\/lohasplan.com\/index.php?rest_route=\/wp\/v2\/users\/1"}],"replies":[{"embeddable":true,"href":"https:\/\/lohasplan.com\/index.php?rest_route=%2Fwp%2Fv2%2Fcomments&post=373"}],"version-history":[{"count":10,"href":"https:\/\/lohasplan.com\/index.php?rest_route=\/wp\/v2\/pages\/373\/revisions"}],"predecessor-version":[{"id":656,"href":"https:\/\/lohasplan.com\/index.php?rest_route=\/wp\/v2\/pages\/373\/revisions\/656"}],"up":[{"embeddable":true,"href":"https:\/\/lohasplan.com\/index.php?rest_route=\/wp\/v2\/pages\/663"}],"wp:attachment":[{"href":"https:\/\/lohasplan.com\/index.php?rest_route=%2Fwp%2Fv2%2Fmedia&parent=373"}],"curies":[{"name":"wp","href":"https:\/\/api.w.org\/{rel}","templated":true}]}}