{"id":370,"date":"2022-10-19T23:01:26","date_gmt":"2022-10-19T14:01:26","guid":{"rendered":"http:\/\/lohasplan.com\/?page_id=370"},"modified":"2023-01-25T09:56:28","modified_gmt":"2023-01-25T00:56:28","slug":"%ef%bc%91%e5%8f%b0%e7%94%a8","status":"publish","type":"page","link":"https:\/\/lohasplan.com\/?page_id=370","title":{"rendered":"\uff11\u53f0\u7528"},"content":{"rendered":"\n<div class=\"wp-block-columns is-layout-flex wp-container-core-columns-is-layout-9d6595d7 wp-block-columns-is-layout-flex\">\n<div class=\"wp-block-column is-layout-flow wp-block-column-is-layout-flow\"><div class=\"wp-block-image\">\n<figure class=\"alignleft size-full\"><img loading=\"lazy\" decoding=\"async\" width=\"127\" height=\"68\" src=\"https:\/\/lohasplan.com\/wp-content\/uploads\/2023\/01\/\u90a8\uff75\u30fb\u5927\u5e8a-2.jpg\" alt=\"\" class=\"wp-image-427\"\/><\/figure>\n<\/div><\/div>\n\n\n\n<div class=\"wp-block-column is-layout-flow wp-block-column-is-layout-flow\"><div class=\"wp-block-image\">\n<figure class=\"alignright size-full is-resized\"><img loading=\"lazy\" decoding=\"async\" src=\"https:\/\/lohasplan.com\/wp-content\/uploads\/2022\/08\/image.png\" alt=\"\" class=\"wp-image-251\" width=\"211\" height=\"41\"\/><\/figure>\n<\/div><\/div>\n<\/div>\n\n\n\n<div class=\"wp-block-columns is-layout-flex wp-container-core-columns-is-layout-9d6595d7 wp-block-columns-is-layout-flex\">\n<div class=\"wp-block-column is-layout-flow wp-block-column-is-layout-flow\">\n<h3 class=\"has-text-align-center wp-block-heading\"><strong>CPS-270\uff08\u5ec9\u4fa1\u4ed5\u69d8\uff09<\/strong><\/h3>\n<\/div>\n\n\n\n<div class=\"wp-block-column is-layout-flow wp-block-column-is-layout-flow\">\n<h3 class=\"has-text-align-center wp-block-heading\"><strong><strong>\uff1c\u3000\u8af8\u3000\u5143\u3000\uff1e<\/strong><\/strong><\/h3>\n<\/div>\n<\/div>\n\n\n\n<div class=\"wp-block-columns is-layout-flex wp-container-core-columns-is-layout-9d6595d7 wp-block-columns-is-layout-flex\">\n<div class=\"wp-block-column is-layout-flow wp-block-column-is-layout-flow\"><div class=\"wp-block-image\">\n<figure class=\"alignleft size-full is-resized\"><img loading=\"lazy\" decoding=\"async\" src=\"https:\/\/lohasplan.com\/wp-content\/uploads\/2022\/07\/\u7e67\uff75\u7e5d\uff73\u7e5d\u30fb1.jpg\" alt=\"\" class=\"wp-image-143\" width=\"259\" height=\"179\"\/><\/figure>\n<\/div><\/div>\n\n\n\n<div class=\"wp-block-column is-layout-flow wp-block-column-is-layout-flow\">\n<p>\u3010\u672c\u4f53\u5bf8\u6cd5\u3011\u3000W3,000\u00d7L5,575\u00d7H2,260<br>\u3000\u3000\u3000\u3000\u3000\u3000\u3000\u9593\u53e3\uff1a2,700\u3000\u3000\u3000<br>\u3000\u3000\u3000\u3000\u3000\u3000\u3000\u6881\u4e0b\uff1a2,300\u3000<\/p>\n\n\n\n<p class=\"has-text-align-left\">\u3010\u90e8\u6750\u5bf8\u6cd5\u3011\u3000\u3000\u67f1\uff1a\u22a1-100\u00d7100\u00d7t3.2<br>\u3000\u3000\u3000\u3000\u3000\u3000\u3000\u3000\u6881\uff1aH-198\u00d799\u00d74.5\u00d77<br>\u3000\u3000\u3000\u3000<\/p>\n<\/div>\n<\/div>\n\n\n\n<div class=\"wp-block-columns is-layout-flex wp-container-core-columns-is-layout-9d6595d7 wp-block-columns-is-layout-flex\">\n<div class=\"wp-block-column is-layout-flow wp-block-column-is-layout-flow\">\n<p class=\"has-text-align-center\">\u56f3\u9762\u6e96\u5099\u4e2d<\/p>\n<\/div>\n<\/div>\n\n\n\n<div class=\"wp-block-columns is-layout-flex wp-container-core-columns-is-layout-9d6595d7 wp-block-columns-is-layout-flex\">\n<div class=\"wp-block-column is-layout-flow wp-block-column-is-layout-flow\">\n<h3 class=\"has-text-align-center wp-block-heading\"><strong>CPS-270\uff08\u65e7\u6a19\u6e96\u4ed5\u69d8\uff09<\/strong><\/h3>\n<\/div>\n\n\n\n<div class=\"wp-block-column is-layout-flow wp-block-column-is-layout-flow\">\n<h3 class=\"has-text-align-center wp-block-heading\"><strong><strong>\uff1c\u3000\u8af8\u3000\u5143\u3000\uff1e<\/strong><\/strong><\/h3>\n<\/div>\n<\/div>\n\n\n\n<div class=\"wp-block-columns is-layout-flex wp-container-core-columns-is-layout-9d6595d7 wp-block-columns-is-layout-flex\">\n<div class=\"wp-block-column is-layout-flow wp-block-column-is-layout-flow\"><div class=\"wp-block-image\">\n<figure class=\"alignleft size-full\"><img loading=\"lazy\" decoding=\"async\" width=\"340\" height=\"253\" src=\"https:\/\/lohasplan.com\/wp-content\/uploads\/2022\/07\/CPH-270.jpg\" alt=\"\" class=\"wp-image-71\" srcset=\"https:\/\/lohasplan.com\/wp-content\/uploads\/2022\/07\/CPH-270.jpg 340w, https:\/\/lohasplan.com\/wp-content\/uploads\/2022\/07\/CPH-270-300x223.jpg 300w\" sizes=\"auto, (max-width: 340px) 100vw, 340px\" \/><\/figure>\n<\/div><\/div>\n\n\n\n<div class=\"wp-block-column is-layout-flow wp-block-column-is-layout-flow\">\n<p>\u3010\u672c\u4f53\u5bf8\u6cd5\u3011\u3000W3,000\u00d7L5,575\u00d7H2,650<br>\u3000\u3000\u3000\u3000\u3000\u3000\u3000\u9593\u53e3\uff1a2,700\u3000\u3000\u3000<br>\u3000\u3000\u3000\u3000\u3000\u3000\u3000\u6881\u4e0b\uff1a2,300\u3000<\/p>\n\n\n\n<p class=\"has-text-align-left\">\u3010\u90e8\u6750\u5bf8\u6cd5\u3011\u3000\u3000\u67f1\uff1a\u22a1-125\u00d7125\u00d7t3.2<br>\u3000\u3000\u3000\u3000\u3000\u3000\u3000\u3000\u6881\uff1aH-150\u00d775\u00d74.5\u00d77<br>\u3000\u3000\u3000\u3000\u3000\u3000\u88dc\u5f37\u6881\uff1aH-150\u00d775\u00d75\u00d77<\/p>\n<\/div>\n<\/div>\n\n\n\n<div class=\"wp-block-columns is-layout-flex wp-container-core-columns-is-layout-9d6595d7 wp-block-columns-is-layout-flex\">\n<div class=\"wp-block-column is-layout-flow wp-block-column-is-layout-flow\">\n<figure class=\"wp-block-image size-full\"><img loading=\"lazy\" decoding=\"async\" width=\"640\" height=\"192\" src=\"https:\/\/lohasplan.com\/wp-content\/uploads\/2022\/07\/w-CPH270.jpg\" alt=\"\" class=\"wp-image-132\" srcset=\"https:\/\/lohasplan.com\/wp-content\/uploads\/2022\/07\/w-CPH270.jpg 640w, https:\/\/lohasplan.com\/wp-content\/uploads\/2022\/07\/w-CPH270-300x90.jpg 300w\" sizes=\"auto, (max-width: 640px) 100vw, 640px\" \/><\/figure>\n<\/div>\n<\/div>\n\n\n\n<div class=\"wp-block-columns is-layout-flex wp-container-core-columns-is-layout-9d6595d7 wp-block-columns-is-layout-flex\">\n<div class=\"wp-block-column is-layout-flow wp-block-column-is-layout-flow\">\n<h3 class=\"has-text-align-center wp-block-heading\"><strong>CPS-270\uff08\u6a19\u6e96\u4ed5\u69d8\uff09<\/strong><\/h3>\n<\/div>\n\n\n\n<div class=\"wp-block-column is-layout-flow wp-block-column-is-layout-flow\">\n<h3 class=\"has-text-align-center wp-block-heading\"><strong><strong>\uff1c\u3000\u8af8\u3000\u5143\u3000\uff1e<\/strong><\/strong><\/h3>\n<\/div>\n<\/div>\n\n\n\n<div class=\"wp-block-columns is-layout-flex wp-container-core-columns-is-layout-9d6595d7 wp-block-columns-is-layout-flex\">\n<div class=\"wp-block-column is-layout-flow wp-block-column-is-layout-flow\"><div class=\"wp-block-image\">\n<figure class=\"alignleft size-full\"><img loading=\"lazy\" decoding=\"async\" width=\"360\" height=\"268\" src=\"https:\/\/lohasplan.com\/wp-content\/uploads\/2022\/07\/CPH-290DX.jpg\" alt=\"\" class=\"wp-image-74\" srcset=\"https:\/\/lohasplan.com\/wp-content\/uploads\/2022\/07\/CPH-290DX.jpg 360w, https:\/\/lohasplan.com\/wp-content\/uploads\/2022\/07\/CPH-290DX-300x223.jpg 300w\" sizes=\"auto, (max-width: 360px) 100vw, 360px\" \/><\/figure>\n<\/div><\/div>\n\n\n\n<div class=\"wp-block-column is-layout-flow wp-block-column-is-layout-flow\">\n<p>\u3010\u672c\u4f53\u5bf8\u6cd5\u3011\u3000W3,300\u00d7L5,575\u00d7H2,650<br>\u3000\u3000\u3000\u3000\u3000\u3000\u3000\u9593\u53e3\uff1a2,825\u3000\u3000\u3000<br>\u3000\u3000\u3000\u3000\u3000\u3000\u3000\u6881\u4e0b\uff1a2,300\u3000<\/p>\n\n\n\n<p class=\"has-text-align-left\">\u3010\u90e8\u6750\u5bf8\u6cd5\u3011\u3000\u3000\u67f1\uff1a\u22a1-125\u00d7125\u00d7t3.2<br>\u3000\u3000\u3000\u3000\u3000\u3000\u3000\u3000\u6881\uff1aH-150\u00d775\u00d75\u00d77<br>\u3000\u3000\u3000\u3000\u3000\u3000\u88dc\u5f37\u6881\uff1aH-150\u00d775\u00d75\u00d77<\/p>\n<\/div>\n<\/div>\n\n\n\n<div class=\"wp-block-columns is-layout-flex wp-container-core-columns-is-layout-9d6595d7 wp-block-columns-is-layout-flex\">\n<div class=\"wp-block-column is-layout-flow wp-block-column-is-layout-flow\">\n<figure class=\"wp-block-image size-full\"><img loading=\"lazy\" decoding=\"async\" width=\"640\" height=\"192\" src=\"https:\/\/lohasplan.com\/wp-content\/uploads\/2022\/07\/w-CPH290.jpg\" alt=\"\" class=\"wp-image-134\" srcset=\"https:\/\/lohasplan.com\/wp-content\/uploads\/2022\/07\/w-CPH290.jpg 640w, https:\/\/lohasplan.com\/wp-content\/uploads\/2022\/07\/w-CPH290-300x90.jpg 300w\" sizes=\"auto, (max-width: 640px) 100vw, 640px\" \/><\/figure>\n<\/div>\n<\/div>\n\n\n\n<div class=\"wp-block-columns is-layout-flex wp-container-core-columns-is-layout-9d6595d7 wp-block-columns-is-layout-flex\">\n<div class=\"wp-block-column is-layout-flow wp-block-column-is-layout-flow\">\n<h3 class=\"has-text-align-center wp-block-heading\"><strong>CPS-279\uff08\u30a2\u30eb\u30df\u5e55\u677f\u4f7f\u7528\uff09<\/strong><\/h3>\n<\/div>\n\n\n\n<div class=\"wp-block-column is-layout-flow wp-block-column-is-layout-flow\">\n<h3 class=\"has-text-align-center wp-block-heading\"><strong>\uff1c\u3000\u8af8\u3000\u5143\u3000\uff1e<\/strong><\/h3>\n<\/div>\n<\/div>\n\n\n\n<div class=\"wp-block-columns is-layout-flex wp-container-core-columns-is-layout-9d6595d7 wp-block-columns-is-layout-flex\">\n<div class=\"wp-block-column is-layout-flow wp-block-column-is-layout-flow\"><div class=\"wp-block-image\">\n<figure class=\"alignleft size-full\"><img loading=\"lazy\" decoding=\"async\" width=\"340\" height=\"255\" src=\"https:\/\/lohasplan.com\/wp-content\/uploads\/2022\/07\/08S-CPA279.jpg\" alt=\"\" class=\"wp-image-27\" srcset=\"https:\/\/lohasplan.com\/wp-content\/uploads\/2022\/07\/08S-CPA279.jpg 340w, https:\/\/lohasplan.com\/wp-content\/uploads\/2022\/07\/08S-CPA279-300x225.jpg 300w\" sizes=\"auto, (max-width: 340px) 100vw, 340px\" \/><\/figure>\n<\/div><\/div>\n\n\n\n<div class=\"wp-block-column is-layout-flow wp-block-column-is-layout-flow\">\n<p>\u3010\u672c\u4f53\u5bf8\u6cd5\u3011\u3000W\u00d7L\u00d7H<br>\u3000\u3000\u3000\u3000\u3000\u3000\u3000\u9593\u53e3\uff1a\u3000\u3000<br>\u3000\u3000\u3000\u3000\u3000\u3000\u3000\u6881\u4e0b\uff1a2,600\u3000<\/p>\n\n\n\n<p class=\"has-text-align-left\">\u3010\u90e8\u6750\u5bf8\u6cd5\u3011\u3000\u3000\u67f1\uff1a\u22a1-125\u00d7125\u00d7t3.2<br>\u3000\u3000\u3000\u3000\u3000\u3000\u3000\u3000\u6881\uff1aH-150\u00d775\u00d75\u00d77<br>\u3000\u3000\u3000\u3000\u3000\u3000\u88dc\u5f37\u6881\uff1aH-150\u00d775\u00d75\u00d77<\/p>\n<\/div>\n<\/div>\n\n\n\n<div class=\"wp-block-columns is-layout-flex wp-container-core-columns-is-layout-9d6595d7 wp-block-columns-is-layout-flex\">\n<div class=\"wp-block-column is-layout-flow wp-block-column-is-layout-flow\">\n<p class=\"has-text-align-center\">\u56f3\u9762\u6e96\u5099\u4e2d<\/p>\n<\/div>\n<\/div>\n\n\n\n<div class=\"wp-block-columns is-layout-flex wp-container-core-columns-is-layout-9d6595d7 wp-block-columns-is-layout-flex\">\n<div class=\"wp-block-column is-layout-flow wp-block-column-is-layout-flow\">\n<h3 class=\"has-text-align-center wp-block-heading\"><strong>CPS-279\uff08\u5ec9\u4fa1\u4ed5\u69d8\u81ea\u7531\u8a2d\u8a08\uff09<\/strong><\/h3>\n<\/div>\n\n\n\n<div class=\"wp-block-column is-layout-flow wp-block-column-is-layout-flow\">\n<h3 class=\"has-text-align-center wp-block-heading\"><strong>\uff1c\u3000\u8af8\u3000\u5143\u3000\uff1e<\/strong><\/h3>\n<\/div>\n<\/div>\n\n\n\n<div class=\"wp-block-columns is-layout-flex wp-container-core-columns-is-layout-9d6595d7 wp-block-columns-is-layout-flex\">\n<div class=\"wp-block-column is-layout-flow wp-block-column-is-layout-flow\"><div class=\"wp-block-image\">\n<figure class=\"alignleft size-full\"><img loading=\"lazy\" decoding=\"async\" width=\"340\" height=\"253\" src=\"https:\/\/lohasplan.com\/wp-content\/uploads\/2022\/07\/CPH-279.jpg\" alt=\"\" class=\"wp-image-72\" srcset=\"https:\/\/lohasplan.com\/wp-content\/uploads\/2022\/07\/CPH-279.jpg 340w, https:\/\/lohasplan.com\/wp-content\/uploads\/2022\/07\/CPH-279-300x223.jpg 300w\" sizes=\"auto, (max-width: 340px) 100vw, 340px\" \/><\/figure>\n<\/div><\/div>\n\n\n\n<div class=\"wp-block-column is-layout-flow wp-block-column-is-layout-flow\">\n<p>\u3010\u672c\u4f53\u5bf8\u6cd5\u3011\u3000W\u00d7L\u00d7H<br>\u3000\u3000\u3000\u3000\u3000\u3000\u3000\u9593\u53e3\uff1a\u3000\u3000\u3000<br>\u3000\u3000\u3000\u3000\u3000\u3000\u3000\u6881\u4e0b\uff1a\u3000<\/p>\n\n\n\n<p class=\"has-text-align-left\">\u3010\u90e8\u6750\u5bf8\u6cd5\u3011\u3000\u3000\u67f1\uff1a\u22a1-100\u00d7100\u00d7t3.2<br>\u3000\u3000\u3000\u3000\u3000\u3000\u3000\u3000\u6881\uff1aH-150\u00d775\u00d75\u00d77<br>\u3000\u3000\u3000\u3000\u3000\u3000\u88dc\u5f37\u6881\uff1aH-150\u00d775\u00d75\u00d77<\/p>\n<\/div>\n<\/div>\n\n\n\n<div class=\"wp-block-columns is-layout-flex wp-container-core-columns-is-layout-9d6595d7 wp-block-columns-is-layout-flex\">\n<div class=\"wp-block-column is-layout-flow wp-block-column-is-layout-flow\">\n<p class=\"has-text-align-center\">\u56f3\u9762\u6e96\u5099\u4e2d<\/p>\n<\/div>\n<\/div>\n\n\n\n<div class=\"wp-block-columns is-layout-flex wp-container-core-columns-is-layout-9d6595d7 wp-block-columns-is-layout-flex\">\n<div class=\"wp-block-column is-layout-flow wp-block-column-is-layout-flow\">\n<h3 class=\"has-text-align-center wp-block-heading\"><strong>CPH-279\uff08\u7e26\u6d41\u308c\u81ea\u7531\u8a2d\u8a08\uff09<\/strong><\/h3>\n<\/div>\n\n\n\n<div class=\"wp-block-column is-layout-flow wp-block-column-is-layout-flow\">\n<h3 class=\"has-text-align-center wp-block-heading\"><strong><strong>\uff1c\u3000\u8af8\u3000\u5143\u3000\uff1e<\/strong><\/strong><\/h3>\n<\/div>\n<\/div>\n\n\n\n<div class=\"wp-block-columns is-layout-flex wp-container-core-columns-is-layout-9d6595d7 wp-block-columns-is-layout-flex\">\n<div class=\"wp-block-column is-layout-flow wp-block-column-is-layout-flow\"><div class=\"wp-block-image\">\n<figure class=\"alignleft size-full\"><img loading=\"lazy\" decoding=\"async\" width=\"340\" height=\"255\" src=\"https:\/\/lohasplan.com\/wp-content\/uploads\/2022\/07\/CPH-299DXX.jpg\" alt=\"\" class=\"wp-image-76\" srcset=\"https:\/\/lohasplan.com\/wp-content\/uploads\/2022\/07\/CPH-299DXX.jpg 340w, https:\/\/lohasplan.com\/wp-content\/uploads\/2022\/07\/CPH-299DXX-300x225.jpg 300w\" sizes=\"auto, (max-width: 340px) 100vw, 340px\" \/><\/figure>\n<\/div><\/div>\n\n\n\n<div class=\"wp-block-column is-layout-flow wp-block-column-is-layout-flow\">\n<p>\u3010\u672c\u4f53\u5bf8\u6cd5\u3011\u3000W\u00d7L\u00d7H<br>\u3000\u3000\u3000\u3000\u3000\u3000\u3000\u9593\u53e3\uff1a\u3000\u3000\u3000<br>\u3000\u3000\u3000\u3000\u3000\u3000\u3000\u6881\u4e0b\uff1a2,400\u3000<\/p>\n\n\n\n<p class=\"has-text-align-left\">\u3010\u90e8\u6750\u5bf8\u6cd5\u3011\u3000\u3000\u67f1\uff1a\u22a1-125\u00d7125\u00d7t3.2<br>\u3000\u3000\u3000\u3000\u3000\u3000\u3000\u3000\u6881\uff1aH-150\u00d775\u00d75\u00d77<br>\u3000\u3000\u3000\u3000\u3000\u3000\u88dc\u5f37\u6881\uff1aH-150\u00d775\u00d75\u00d77<\/p>\n<\/div>\n<\/div>\n\n\n\n<div class=\"wp-block-columns is-layout-flex wp-container-core-columns-is-layout-9d6595d7 wp-block-columns-is-layout-flex\">\n<div class=\"wp-block-column is-layout-flow wp-block-column-is-layout-flow\">\n<p class=\"has-text-align-center\">\u56f3\u9762\u6e96\u5099\u4e2d<\/p>\n<\/div>\n<\/div>\n\n\n\n<div class=\"wp-block-columns is-layout-flex wp-container-core-columns-is-layout-9d6595d7 wp-block-columns-is-layout-flex\">\n<div class=\"wp-block-column is-layout-flow wp-block-column-is-layout-flow\">\n<h3 class=\"has-text-align-center wp-block-heading\"><strong>CPH-279\uff08\u4e38\u67f1\u4f7f\u7528\u81ea\u7531\u8a2d\u8a08\uff09<\/strong><\/h3>\n<\/div>\n\n\n\n<div class=\"wp-block-column is-layout-flow wp-block-column-is-layout-flow\">\n<h3 class=\"has-text-align-center wp-block-heading\"><strong><strong>\uff1c\u3000\u8af8\u3000\u5143\u3000\uff1e<\/strong><\/strong><\/h3>\n<\/div>\n<\/div>\n\n\n\n<div class=\"wp-block-columns is-layout-flex wp-container-core-columns-is-layout-9d6595d7 wp-block-columns-is-layout-flex\">\n<div class=\"wp-block-column is-layout-flow wp-block-column-is-layout-flow\"><div class=\"wp-block-image\">\n<figure class=\"alignleft size-full\"><img loading=\"lazy\" decoding=\"async\" width=\"340\" height=\"255\" src=\"https:\/\/lohasplan.com\/wp-content\/uploads\/2022\/07\/CPH-299DX.jpg\" alt=\"\" class=\"wp-image-75\" srcset=\"https:\/\/lohasplan.com\/wp-content\/uploads\/2022\/07\/CPH-299DX.jpg 340w, https:\/\/lohasplan.com\/wp-content\/uploads\/2022\/07\/CPH-299DX-300x225.jpg 300w\" sizes=\"auto, (max-width: 340px) 100vw, 340px\" \/><\/figure>\n<\/div><\/div>\n\n\n\n<div class=\"wp-block-column is-layout-flow wp-block-column-is-layout-flow\">\n<p>\u3010\u672c\u4f53\u5bf8\u6cd5\u3011\u3000W\u00d7L\u00d7H<br>\u3000\u3000\u3000\u3000\u3000\u3000\u3000\u9593\u53e3\uff1a\u3000\u3000\u3000<br>\u3000\u3000\u3000\u3000\u3000\u3000\u3000\u6881\u4e0b\uff1a2,560\u3000<\/p>\n\n\n\n<p class=\"has-text-align-left\">\u3010\u90e8\u6750\u5bf8\u6cd5\u3011\u3000\u3000\u67f1\uff1a\u3007-\u03a6139.8\u00d7t3.5<br>\u3000\u3000\u3000\u3000\u3000\u3000\u3000\u3000\u6881\uff1aH-150\u00d775\u00d75\u00d77<br>\u3000\u3000\u3000\u3000\u3000\u3000\u88dc\u5f37\u6881\uff1aH-150\u00d775\u00d75\u00d77<\/p>\n<\/div>\n<\/div>\n\n\n\n<div class=\"wp-block-columns is-layout-flex wp-container-core-columns-is-layout-9d6595d7 wp-block-columns-is-layout-flex\">\n<div class=\"wp-block-column is-layout-flow wp-block-column-is-layout-flow\">\n<p class=\"has-text-align-center\">\u56f3\u9762\u6e96\u5099\u4e2d<\/p>\n<\/div>\n<\/div>\n","protected":false},"excerpt":{"rendered":"<p>CPS-270\uff08\u5ec9\u4fa1\u4ed5\u69d8\uff09 \uff1c\u3000\u8af8\u3000\u5143\u3000\uff1e \u3010\u672c\u4f53\u5bf8\u6cd5\u3011\u3000W3,000\u00d7L5,5 &hellip; <a href=\"https:\/\/lohasplan.com\/?page_id=370\">\u7d9a\u304d\u3092\u8aad\u3080 <span class=\"meta-nav\">&rarr;<\/span><\/a><\/p>\n","protected":false},"author":1,"featured_media":0,"parent":663,"menu_order":20,"comment_status":"closed","ping_status":"closed","template":"onecolumn-page.php","meta":{"footnotes":""},"class_list":["post-370","page","type-page","status-publish","hentry"],"_links":{"self":[{"href":"https:\/\/lohasplan.com\/index.php?rest_route=\/wp\/v2\/pages\/370","targetHints":{"allow":["GET"]}}],"collection":[{"href":"https:\/\/lohasplan.com\/index.php?rest_route=\/wp\/v2\/pages"}],"about":[{"href":"https:\/\/lohasplan.com\/index.php?rest_route=\/wp\/v2\/types\/page"}],"author":[{"embeddable":true,"href":"https:\/\/lohasplan.com\/index.php?rest_route=\/wp\/v2\/users\/1"}],"replies":[{"embeddable":true,"href":"https:\/\/lohasplan.com\/index.php?rest_route=%2Fwp%2Fv2%2Fcomments&post=370"}],"version-history":[{"count":7,"href":"https:\/\/lohasplan.com\/index.php?rest_route=\/wp\/v2\/pages\/370\/revisions"}],"predecessor-version":[{"id":654,"href":"https:\/\/lohasplan.com\/index.php?rest_route=\/wp\/v2\/pages\/370\/revisions\/654"}],"up":[{"embeddable":true,"href":"https:\/\/lohasplan.com\/index.php?rest_route=\/wp\/v2\/pages\/663"}],"wp:attachment":[{"href":"https:\/\/lohasplan.com\/index.php?rest_route=%2Fwp%2Fv2%2Fmedia&parent=370"}],"curies":[{"name":"wp","href":"https:\/\/api.w.org\/{rel}","templated":true}]}}