{"id":235,"date":"2022-08-25T14:26:46","date_gmt":"2022-08-25T05:26:46","guid":{"rendered":"http:\/\/lohasplan.com\/?page_id=235"},"modified":"2023-02-03T00:37:57","modified_gmt":"2023-02-02T15:37:57","slug":"%e7%89%87%e6%9f%b1%ef%bc%91%e5%8f%b0%e7%94%a8","status":"publish","type":"page","link":"https:\/\/lohasplan.com\/?page_id=235","title":{"rendered":"\u7247\u67f1\uff11\u53f0\u7528"},"content":{"rendered":"\n<div class=\"wp-block-columns is-layout-flex wp-container-core-columns-is-layout-9d6595d7 wp-block-columns-is-layout-flex\">\n<div class=\"wp-block-column is-layout-flow wp-block-column-is-layout-flow\">\n<div class=\"wp-block-columns is-layout-flex wp-container-core-columns-is-layout-9d6595d7 wp-block-columns-is-layout-flex\">\n<div class=\"wp-block-column is-layout-flow wp-block-column-is-layout-flow\"><div class=\"wp-block-image\">\n<figure class=\"alignleft size-full\"><img loading=\"lazy\" decoding=\"async\" width=\"127\" height=\"68\" src=\"https:\/\/lohasplan.com\/wp-content\/uploads\/2023\/01\/\u90a8\uff75\u30fb\u5927\u5e8a-1.jpg\" alt=\"\" class=\"wp-image-426\"\/><\/figure>\n<\/div><\/div>\n\n\n\n<div class=\"wp-block-column is-layout-flow wp-block-column-is-layout-flow\"><div class=\"wp-block-image\">\n<figure class=\"alignright size-full\"><img loading=\"lazy\" decoding=\"async\" width=\"216\" height=\"42\" src=\"https:\/\/lohasplan.com\/wp-content\/uploads\/2022\/08\/image.png\" alt=\"\" class=\"wp-image-251\"\/><\/figure>\n<\/div><\/div>\n<\/div>\n<\/div>\n<\/div>\n\n\n\n<div class=\"wp-block-columns is-layout-flex wp-container-core-columns-is-layout-9d6595d7 wp-block-columns-is-layout-flex\">\n<div class=\"wp-block-column is-layout-flow wp-block-column-is-layout-flow\">\n<h2 class=\"has-text-align-center wp-block-heading\"><strong>CPS-250\uff08\u5ec9\u4fa1\u4ed5\u69d8\uff09<\/strong><\/h2>\n<\/div>\n\n\n\n<div class=\"wp-block-column is-layout-flow wp-block-column-is-layout-flow\">\n<h3 class=\"has-text-align-center wp-block-heading\"><strong><strong><strong>\uff1c\u3000\u8af8\u3000\u5143\u3000\uff1e<\/strong><\/strong><\/strong><\/h3>\n<\/div>\n<\/div>\n\n\n\n<div class=\"wp-block-columns is-layout-flex wp-container-core-columns-is-layout-9d6595d7 wp-block-columns-is-layout-flex\">\n<div class=\"wp-block-column is-layout-flow wp-block-column-is-layout-flow\">\n<figure class=\"wp-block-image size-full\"><img loading=\"lazy\" decoding=\"async\" width=\"340\" height=\"255\" src=\"https:\/\/lohasplan.com\/wp-content\/uploads\/2022\/07\/CPS-250.jpg\" alt=\"\" class=\"wp-image-88\" srcset=\"https:\/\/lohasplan.com\/wp-content\/uploads\/2022\/07\/CPS-250.jpg 340w, https:\/\/lohasplan.com\/wp-content\/uploads\/2022\/07\/CPS-250-300x225.jpg 300w\" sizes=\"auto, (max-width: 340px) 100vw, 340px\" \/><\/figure>\n<\/div>\n\n\n\n<div class=\"wp-block-column is-layout-flow wp-block-column-is-layout-flow\">\n<div class=\"wp-block-group is-vertical is-content-justification-left is-layout-flex wp-container-core-group-is-layout-c0ca7d81 wp-block-group-is-layout-flex\">\n<p>\u3010\u672c\u4f53\u5bf8\u6cd5\u3011W2,800\u00d7L5,575\u00d7H2,265<br>\u3000\u3000\u3000\u3000\u3000\u3000\u3000\u9593\u53e3\uff1a\u3000\u3000\u3000<br>\u3000\u3000\u3000\u3000\u3000\u3000\u3000\u6881\u4e0b\uff1a2,200\u3000<\/p>\n\n\n\n<p class=\"has-text-align-left\">\u3010\u90e8\u6750\u5bf8\u6cd5\u3011\u3000\u3000\u67f1\uff1aH-194\u00d7150\u00d76\u00d79<br>\u3000\u3000\u3000\u3000\u3000\u3000\u3000\u3000\u6881\uff1aH-198\u00d799\u00d74.5\u00d77<br>\u3000\u3000\u3000\u3000\u3000\u3000\u88dc\u5f37\u6881\uff1aH-150\u00d775\u00d75\u00d77<\/p>\n<\/div>\n<\/div>\n<\/div>\n\n\n\n<div class=\"wp-block-columns is-layout-flex wp-container-core-columns-is-layout-9d6595d7 wp-block-columns-is-layout-flex\">\n<div class=\"wp-block-column is-layout-flow wp-block-column-is-layout-flow\">\n<p class=\"has-text-align-center\">\u56f3\u9762\u6e96\u5099\u4e2d<\/p>\n<\/div>\n<\/div>\n\n\n\n<div class=\"wp-block-columns is-layout-flex wp-container-core-columns-is-layout-9d6595d7 wp-block-columns-is-layout-flex\">\n<div class=\"wp-block-column is-layout-flow wp-block-column-is-layout-flow\">\n<h2 class=\"has-text-align-center wp-block-heading\"><strong>CPH-250\uff08<\/strong>\u65e7\u6a19\u6e96\u4ed5\u69d8<strong>\uff09<\/strong><\/h2>\n<\/div>\n\n\n\n<div class=\"wp-block-column is-layout-flow wp-block-column-is-layout-flow\">\n<h3 class=\"has-text-align-center wp-block-heading\"><strong><strong>\uff1c\u3000\u8af8\u3000\u5143\u3000\uff1e<\/strong><\/strong><\/h3>\n<\/div>\n<\/div>\n\n\n\n<div class=\"wp-block-columns is-layout-flex wp-container-core-columns-is-layout-9d6595d7 wp-block-columns-is-layout-flex\">\n<div class=\"wp-block-column is-layout-flow wp-block-column-is-layout-flow\">\n<figure class=\"wp-block-gallery has-nested-images columns-default is-cropped wp-block-gallery-1 is-layout-flex wp-block-gallery-is-layout-flex\">\n<figure class=\"wp-block-image size-full\"><img loading=\"lazy\" decoding=\"async\" width=\"340\" height=\"253\" data-id=\"65\" src=\"https:\/\/lohasplan.com\/wp-content\/uploads\/2022\/07\/CPH250-1.jpg\" alt=\"\" class=\"wp-image-65\" srcset=\"https:\/\/lohasplan.com\/wp-content\/uploads\/2022\/07\/CPH250-1.jpg 340w, https:\/\/lohasplan.com\/wp-content\/uploads\/2022\/07\/CPH250-1-300x223.jpg 300w\" sizes=\"auto, (max-width: 340px) 100vw, 340px\" \/><\/figure>\n<\/figure>\n<\/div>\n\n\n\n<div class=\"wp-block-column is-layout-flow wp-block-column-is-layout-flow\">\n<div class=\"wp-block-group is-vertical is-content-justification-left is-layout-flex wp-container-core-group-is-layout-c0ca7d81 wp-block-group-is-layout-flex\">\n<p>\u3010\u672c\u4f53\u5bf8\u6cd5\u3011W2,800\u00d7L5,625\u00d7H2,575<br>\u3000\u3000\u3000\u3000\u3000\u3000\u3000\u9593\u53e3\uff1a\u3000\u3000\u3000<br>\u3000\u3000\u3000\u3000\u3000\u3000\u3000\u6881\u4e0b\uff1a2,200\u3000<\/p>\n\n\n\n<p class=\"has-text-align-left\">\u3010\u90e8\u6750\u5bf8\u6cd5\u3011\u3000\u3000\u67f1\uff1aH-150\u00d7150\u00d710\u00d77<br>\u3000\u3000\u3000\u3000\u3000\u3000\u3000\u3000\u6881\uff1aH-175\u00d790\u00d75\u00d78<br>\u3000\u3000\u3000\u3000\u3000\u3000\u88dc\u5f37\u6881\uff1aH-150\u00d775\u00d75\u00d77<\/p>\n<\/div>\n<\/div>\n<\/div>\n\n\n\n<div class=\"wp-block-columns is-layout-flex wp-container-core-columns-is-layout-9d6595d7 wp-block-columns-is-layout-flex\">\n<div class=\"wp-block-column is-layout-flow wp-block-column-is-layout-flow\">\n<figure class=\"wp-block-image size-full\"><img loading=\"lazy\" decoding=\"async\" width=\"640\" height=\"192\" src=\"https:\/\/lohasplan.com\/wp-content\/uploads\/2022\/07\/w-CPH250.jpg\" alt=\"\" class=\"wp-image-130\" srcset=\"https:\/\/lohasplan.com\/wp-content\/uploads\/2022\/07\/w-CPH250.jpg 640w, https:\/\/lohasplan.com\/wp-content\/uploads\/2022\/07\/w-CPH250-300x90.jpg 300w\" sizes=\"auto, (max-width: 640px) 100vw, 640px\" \/><\/figure>\n<\/div>\n<\/div>\n\n\n\n<div class=\"wp-block-columns is-layout-flex wp-container-core-columns-is-layout-9d6595d7 wp-block-columns-is-layout-flex\">\n<div class=\"wp-block-column is-layout-flow wp-block-column-is-layout-flow\">\n<h2 class=\"has-text-align-center wp-block-heading\"><strong>CPS-260\uff08\u6a19\u6e96\u4ed5\u69d8\uff09<\/strong><\/h2>\n<\/div>\n\n\n\n<div class=\"wp-block-column is-layout-flow wp-block-column-is-layout-flow\">\n<h3 class=\"has-text-align-center wp-block-heading\"><strong><strong><strong>\uff1c\u3000\u8af8\u3000\u5143\u3000\uff1e<\/strong><\/strong><\/strong><\/h3>\n<\/div>\n<\/div>\n\n\n\n<div class=\"wp-block-columns is-layout-flex wp-container-core-columns-is-layout-9d6595d7 wp-block-columns-is-layout-flex\">\n<div class=\"wp-block-column is-layout-flow wp-block-column-is-layout-flow\">\n<figure class=\"wp-block-image size-full\"><img loading=\"lazy\" decoding=\"async\" width=\"340\" height=\"253\" src=\"https:\/\/lohasplan.com\/wp-content\/uploads\/2022\/07\/CPH-260DX.jpg\" alt=\"\" class=\"wp-image-68\" srcset=\"https:\/\/lohasplan.com\/wp-content\/uploads\/2022\/07\/CPH-260DX.jpg 340w, https:\/\/lohasplan.com\/wp-content\/uploads\/2022\/07\/CPH-260DX-300x223.jpg 300w\" sizes=\"auto, (max-width: 340px) 100vw, 340px\" \/><\/figure>\n<\/div>\n\n\n\n<div class=\"wp-block-column is-layout-flow wp-block-column-is-layout-flow\">\n<div class=\"wp-block-group is-vertical is-content-justification-left is-layout-flex wp-container-core-group-is-layout-c0ca7d81 wp-block-group-is-layout-flex\">\n<p>\u3010\u672c\u4f53\u5bf8\u6cd5\u3011W2,975\u00d7L5,575\u00d7H2,263<br>\u3000\u3000\u3000\u3000\u3000\u3000\u3000\u9593\u53e3\uff1a\u3000\u3000\u3000<br>\u3000\u3000\u3000\u3000\u3000\u3000\u3000\u6881\u4e0b\uff1a2,200\u3000<\/p>\n\n\n\n<p class=\"has-text-align-left\">\u3010\u90e8\u6750\u5bf8\u6cd5\u3011\u3000\u3000\u67f1\uff1aH-194\u00d7150\u00d76\u00d79<br>\u3000\u3000\u3000\u3000\u3000\u3000\u3000\u3000\u6881\uff1aH-198\u00d799\u00d74.5\u00d77<br>\u3000\u3000\u3000\u3000\u3000\u3000\u88dc\u5f37\u6881\uff1aH-150\u00d775\u00d75\u00d77<\/p>\n<\/div>\n<\/div>\n<\/div>\n\n\n\n<div class=\"wp-block-columns is-layout-flex wp-container-core-columns-is-layout-9d6595d7 wp-block-columns-is-layout-flex\">\n<div class=\"wp-block-column is-layout-flow wp-block-column-is-layout-flow\">\n<figure class=\"wp-block-image size-full\"><img loading=\"lazy\" decoding=\"async\" width=\"640\" height=\"192\" src=\"https:\/\/lohasplan.com\/wp-content\/uploads\/2022\/07\/w-CPH260DX.jpg\" alt=\"\" class=\"wp-image-131\" srcset=\"https:\/\/lohasplan.com\/wp-content\/uploads\/2022\/07\/w-CPH260DX.jpg 640w, https:\/\/lohasplan.com\/wp-content\/uploads\/2022\/07\/w-CPH260DX-300x90.jpg 300w\" sizes=\"auto, (max-width: 640px) 100vw, 640px\" \/><\/figure>\n<\/div>\n<\/div>\n\n\n\n<div class=\"wp-block-columns is-layout-flex wp-container-core-columns-is-layout-9d6595d7 wp-block-columns-is-layout-flex\">\n<div class=\"wp-block-column is-layout-flow wp-block-column-is-layout-flow\">\n<h2 class=\"has-text-align-center wp-block-heading\"><strong>CPS-269\uff08\u81ea\u7531\u8a2d\u8a08\uff09<\/strong><\/h2>\n<\/div>\n\n\n\n<div class=\"wp-block-column is-layout-flow wp-block-column-is-layout-flow\">\n<h3 class=\"has-text-align-center wp-block-heading\"><strong><strong><strong>\uff1c\u3000\u8af8\u3000\u5143\u3000\uff1e<\/strong><\/strong><\/strong><\/h3>\n<\/div>\n<\/div>\n\n\n\n<div class=\"wp-block-columns is-layout-flex wp-container-core-columns-is-layout-9d6595d7 wp-block-columns-is-layout-flex\">\n<div class=\"wp-block-column is-layout-flow wp-block-column-is-layout-flow\">\n<figure class=\"wp-block-image size-full\"><img loading=\"lazy\" decoding=\"async\" width=\"640\" height=\"507\" src=\"https:\/\/lohasplan.com\/wp-content\/uploads\/2022\/07\/11-2-2.jpg\" alt=\"\" class=\"wp-image-37\" srcset=\"https:\/\/lohasplan.com\/wp-content\/uploads\/2022\/07\/11-2-2.jpg 640w, https:\/\/lohasplan.com\/wp-content\/uploads\/2022\/07\/11-2-2-300x238.jpg 300w\" sizes=\"auto, (max-width: 640px) 100vw, 640px\" \/><\/figure>\n<\/div>\n\n\n\n<div class=\"wp-block-column is-layout-flow wp-block-column-is-layout-flow\">\n<div class=\"wp-block-group is-vertical is-content-justification-left is-layout-flex wp-container-core-group-is-layout-c0ca7d81 wp-block-group-is-layout-flex\">\n<p>\u3010\u672c\u4f53\u5bf8\u6cd5\u3011W\u00d7L\u00d7H<br>\u3000\u3000\u3000\u3000\u3000\u3000\u3000\u9593\u53e3\uff1a\u3000\u3000\u3000<br>\u3000\u3000\u3000\u3000\u3000\u3000\u3000\u6881\u4e0b\uff1a2,500\u3000<\/p>\n\n\n\n<p class=\"has-text-align-left\">\u3010\u90e8\u6750\u5bf8\u6cd5\u3011\u3000\u3000\u67f1\uff1aH-194\u00d7150\u00d76\u00d79<br>\u3000\u3000\u3000\u3000\u3000\u3000\u3000\u3000\u6881\uff1aH198\u00d799\u00d74.5\u00d77<br>\u3000\u3000\u3000\u3000\u3000\u3000\u88dc\u5f37\u6881\uff1aH-150\u00d775\u00d75\u00d77<\/p>\n<\/div>\n<\/div>\n<\/div>\n\n\n\n<div class=\"wp-block-columns is-layout-flex wp-container-core-columns-is-layout-9d6595d7 wp-block-columns-is-layout-flex\">\n<div class=\"wp-block-column is-layout-flow wp-block-column-is-layout-flow\">\n<p class=\"has-text-align-center\">\u56f3\u9762\u6e96\u5099\u4e2d<\/p>\n<\/div>\n<\/div>\n\n\n\n<div class=\"wp-block-columns is-layout-flex wp-container-core-columns-is-layout-9d6595d7 wp-block-columns-is-layout-flex\">\n<div class=\"wp-block-column is-layout-flow wp-block-column-is-layout-flow\">\n<h2 class=\"has-text-align-center wp-block-heading\"><strong>CPS-269<\/strong><\/h2>\n\n\n\n<h3 class=\"has-text-align-center wp-block-heading\"><strong>\uff08\u30a2\u30eb\u30df\u5e55\u677f\u4f7f\u7528\u81ea\u7531\u8a2d\u8a08\uff09<\/strong><\/h3>\n<\/div>\n\n\n\n<div class=\"wp-block-column is-layout-flow wp-block-column-is-layout-flow\">\n<h3 class=\"has-text-align-center wp-block-heading\"><strong><strong><strong>\uff1c\u3000\u8af8\u3000\u5143\u3000\uff1e<\/strong><\/strong><\/strong><\/h3>\n<\/div>\n<\/div>\n\n\n\n<div class=\"wp-block-columns is-layout-flex wp-container-core-columns-is-layout-9d6595d7 wp-block-columns-is-layout-flex\">\n<div class=\"wp-block-column is-layout-flow wp-block-column-is-layout-flow\">\n<figure class=\"wp-block-image size-full\"><img loading=\"lazy\" decoding=\"async\" width=\"448\" height=\"336\" src=\"https:\/\/lohasplan.com\/wp-content\/uploads\/2022\/07\/CIMG2287.jpg\" alt=\"\" class=\"wp-image-62\" srcset=\"https:\/\/lohasplan.com\/wp-content\/uploads\/2022\/07\/CIMG2287.jpg 448w, https:\/\/lohasplan.com\/wp-content\/uploads\/2022\/07\/CIMG2287-300x225.jpg 300w\" sizes=\"auto, (max-width: 448px) 100vw, 448px\" \/><\/figure>\n<\/div>\n\n\n\n<div class=\"wp-block-column is-layout-flow wp-block-column-is-layout-flow\">\n<div class=\"wp-block-group is-vertical is-content-justification-left is-layout-flex wp-container-core-group-is-layout-c0ca7d81 wp-block-group-is-layout-flex\">\n<p>\u3010\u672c\u4f53\u5bf8\u6cd5\u3011W2,900\u00d7L5,510\u00d7H2,650<br>\u3000\u3000\u3000\u3000\u3000\u3000\u3000\u9593\u53e3\uff1a\u3000\u3000\u3000<br>\u3000\u3000\u3000\u3000\u3000\u3000\u3000\u6881\u4e0b\uff1a2,200\u3000<\/p>\n\n\n\n<p class=\"has-text-align-left\">\u3010\u90e8\u6750\u5bf8\u6cd5\u3011\u3000\u3000\u67f1\uff1aH-194\u00d7150\u00d76\u00d79<br>\u3000\u3000\u3000\u3000\u3000\u3000\u3000\u3000\u6881\uff1aH-198\u00d799\u00d74.5\u00d77<br>\u3000\u3000\u3000\u3000\u3000\u3000\u88dc\u5f37\u6881\uff1aH-150\u00d775\u00d75\u00d77<\/p>\n<\/div>\n<\/div>\n<\/div>\n\n\n\n<div class=\"wp-block-columns is-layout-flex wp-container-core-columns-is-layout-9d6595d7 wp-block-columns-is-layout-flex\">\n<div class=\"wp-block-column is-layout-flow wp-block-column-is-layout-flow\">\n<p class=\"has-text-align-center\">\u56f3\u9762\u6e96\u5099\u4e2d<\/p>\n<\/div>\n<\/div>\n\n\n\n<div class=\"wp-block-columns is-layout-flex wp-container-core-columns-is-layout-9d6595d7 wp-block-columns-is-layout-flex\">\n<div class=\"wp-block-column is-layout-flow wp-block-column-is-layout-flow\">\n<h2 class=\"has-text-align-center wp-block-heading\"><strong>CPS-259\uff08\u81ea\u7531\u8a2d\u8a08\uff09<\/strong><\/h2>\n<\/div>\n\n\n\n<div class=\"wp-block-column is-layout-flow wp-block-column-is-layout-flow\">\n<h3 class=\"has-text-align-center wp-block-heading\"><strong><strong>\uff1c\u3000\u8af8\u3000\u5143\u3000\uff1e<\/strong><\/strong><\/h3>\n<\/div>\n<\/div>\n\n\n\n<div class=\"wp-block-columns is-layout-flex wp-container-core-columns-is-layout-9d6595d7 wp-block-columns-is-layout-flex\">\n<div class=\"wp-block-column is-layout-flow wp-block-column-is-layout-flow\">\n<figure class=\"wp-block-image size-full\"><img loading=\"lazy\" decoding=\"async\" width=\"640\" height=\"480\" src=\"https:\/\/lohasplan.com\/wp-content\/uploads\/2022\/07\/CPH-259-2.jpg\" alt=\"\" class=\"wp-image-67\" srcset=\"https:\/\/lohasplan.com\/wp-content\/uploads\/2022\/07\/CPH-259-2.jpg 640w, https:\/\/lohasplan.com\/wp-content\/uploads\/2022\/07\/CPH-259-2-300x225.jpg 300w\" sizes=\"auto, (max-width: 640px) 100vw, 640px\" \/><\/figure>\n<\/div>\n\n\n\n<div class=\"wp-block-column is-layout-flow wp-block-column-is-layout-flow\">\n<div class=\"wp-block-group is-vertical is-content-justification-left is-layout-flex wp-container-core-group-is-layout-c0ca7d81 wp-block-group-is-layout-flex\">\n<p>\u3010\u672c\u4f53\u5bf8\u6cd5\u3011W\u00d7L\u00d7H<br>\u3000\u3000\u3000\u3000\u3000\u3000\u3000\u9593\u53e3\uff1a\u3000\u3000\u3000<br>\u3000\u3000\u3000\u3000\u3000\u3000\u3000\u6881\u4e0b\uff1a\u3000<\/p>\n\n\n\n<p class=\"has-text-align-left\">\u3010\u90e8\u6750\u5bf8\u6cd5\u3011\u3000\u3000\u67f1\uff1aH-194\u00d7150\u00d76\u00d79<br>\u3000\u3000\u3000\u3000\u3000\u3000\u3000\u3000\u6881\uff1aH198\u00d799\u00d74.5\u00d77<br>\u3000\u3000\u3000\u3000\u3000\u3000\u88dc\u5f37\u6881\uff1aH-150\u00d775\u00d75\u00d77<\/p>\n<\/div>\n<\/div>\n<\/div>\n\n\n\n<div class=\"wp-block-columns is-layout-flex wp-container-core-columns-is-layout-9d6595d7 wp-block-columns-is-layout-flex\">\n<div class=\"wp-block-column is-layout-flow wp-block-column-is-layout-flow\">\n<p class=\"has-text-align-center\">\u56f3\u9762\u6e96\u5099\u4e2d<\/p>\n<\/div>\n<\/div>\n\n\n\n<div class=\"wp-block-columns is-layout-flex wp-container-core-columns-is-layout-9d6595d7 wp-block-columns-is-layout-flex\">\n<div class=\"wp-block-column is-layout-flow wp-block-column-is-layout-flow\">\n<h2 class=\"has-text-align-center wp-block-heading\"><strong>CPH-269\uff08\u81ea\u7531\u8a2d\u8a08\uff09<\/strong><\/h2>\n<\/div>\n\n\n\n<div class=\"wp-block-column is-layout-flow wp-block-column-is-layout-flow\">\n<h3 class=\"has-text-align-center wp-block-heading\"><strong><strong><strong>\uff1c\u3000\u8af8\u3000\u5143\u3000\uff1e<\/strong><\/strong><\/strong><\/h3>\n<\/div>\n<\/div>\n\n\n\n<div class=\"wp-block-columns is-layout-flex wp-container-core-columns-is-layout-9d6595d7 wp-block-columns-is-layout-flex\">\n<div class=\"wp-block-column is-layout-flow wp-block-column-is-layout-flow\">\n<figure class=\"wp-block-image size-full\"><img loading=\"lazy\" decoding=\"async\" width=\"340\" height=\"254\" src=\"https:\/\/lohasplan.com\/wp-content\/uploads\/2022\/07\/CPH-269.jpg\" alt=\"\" class=\"wp-image-70\" srcset=\"https:\/\/lohasplan.com\/wp-content\/uploads\/2022\/07\/CPH-269.jpg 340w, https:\/\/lohasplan.com\/wp-content\/uploads\/2022\/07\/CPH-269-300x224.jpg 300w\" sizes=\"auto, (max-width: 340px) 100vw, 340px\" \/><\/figure>\n<\/div>\n\n\n\n<div class=\"wp-block-column is-layout-flow wp-block-column-is-layout-flow\">\n<div class=\"wp-block-group is-vertical is-content-justification-left is-layout-flex wp-container-core-group-is-layout-c0ca7d81 wp-block-group-is-layout-flex\">\n<p>\u3010\u672c\u4f53\u5bf8\u6cd5\u3011W\u00d7L\u00d7H<br>\u3000\u3000\u3000\u3000\u3000\u3000\u3000\u9593\u53e3\uff1a\u3000\u3000\u3000<br>\u3000\u3000\u3000\u3000\u3000\u3000\u3000\u6881\u4e0b\uff1a\u3000<\/p>\n\n\n\n<p class=\"has-text-align-left\">\u3010\u90e8\u6750\u5bf8\u6cd5\u3011\u3000\u3000\u67f1\uff1aH-194\u00d7150\u00d76\u00d79<br>\u3000\u3000\u3000\u3000\u3000\u3000\u3000\u3000\u6881\uff1aH198\u00d799\u00d74.5\u00d77<br>\u3000\u3000\u3000\u3000\u3000\u3000\u88dc\u5f37\u6881\uff1aH-150\u00d775\u00d75\u00d77<\/p>\n<\/div>\n<\/div>\n<\/div>\n\n\n\n<div class=\"wp-block-columns is-layout-flex wp-container-core-columns-is-layout-9d6595d7 wp-block-columns-is-layout-flex\">\n<div class=\"wp-block-column is-layout-flow wp-block-column-is-layout-flow\">\n<p class=\"has-text-align-center\">\u56f3\u9762\u6e96\u5099\u4e2d<\/p>\n<\/div>\n<\/div>\n","protected":false},"excerpt":{"rendered":"<p>CPS-250\uff08\u5ec9\u4fa1\u4ed5\u69d8\uff09 \uff1c\u3000\u8af8\u3000\u5143\u3000\uff1e \u3010\u672c\u4f53\u5bf8\u6cd5\u3011W2,800\u00d7L5,57 &hellip; <a href=\"https:\/\/lohasplan.com\/?page_id=235\">\u7d9a\u304d\u3092\u8aad\u3080 <span class=\"meta-nav\">&rarr;<\/span><\/a><\/p>\n","protected":false},"author":1,"featured_media":0,"parent":663,"menu_order":10,"comment_status":"closed","ping_status":"closed","template":"onecolumn-page.php","meta":{"footnotes":""},"class_list":["post-235","page","type-page","status-publish","hentry"],"_links":{"self":[{"href":"https:\/\/lohasplan.com\/index.php?rest_route=\/wp\/v2\/pages\/235","targetHints":{"allow":["GET"]}}],"collection":[{"href":"https:\/\/lohasplan.com\/index.php?rest_route=\/wp\/v2\/pages"}],"about":[{"href":"https:\/\/lohasplan.com\/index.php?rest_route=\/wp\/v2\/types\/page"}],"author":[{"embeddable":true,"href":"https:\/\/lohasplan.com\/index.php?rest_route=\/wp\/v2\/users\/1"}],"replies":[{"embeddable":true,"href":"https:\/\/lohasplan.com\/index.php?rest_route=%2Fwp%2Fv2%2Fcomments&post=235"}],"version-history":[{"count":17,"href":"https:\/\/lohasplan.com\/index.php?rest_route=\/wp\/v2\/pages\/235\/revisions"}],"predecessor-version":[{"id":684,"href":"https:\/\/lohasplan.com\/index.php?rest_route=\/wp\/v2\/pages\/235\/revisions\/684"}],"up":[{"embeddable":true,"href":"https:\/\/lohasplan.com\/index.php?rest_route=\/wp\/v2\/pages\/663"}],"wp:attachment":[{"href":"https:\/\/lohasplan.com\/index.php?rest_route=%2Fwp%2Fv2%2Fmedia&parent=235"}],"curies":[{"name":"wp","href":"https:\/\/api.w.org\/{rel}","templated":true}]}}